{"id":1019,"date":"2021-11-21T14:44:04","date_gmt":"2021-11-21T11:44:04","guid":{"rendered":"http:\/\/dreamoffice.com.tr\/irmaklar\/?page_id=1019"},"modified":"2021-12-07T15:28:07","modified_gmt":"2021-12-07T12:28:07","slug":"antrepo","status":"publish","type":"page","link":"https:\/\/www.irmaklar.com\/index.php\/antrepo\/","title":{"rendered":"Antrepo"},"content":{"rendered":"\t\t<div data-elementor-type=\"wp-post\" data-elementor-id=\"1019\" class=\"elementor elementor-1019\" data-elementor-settings=\"[]\">\n\t\t\t\t\t\t<div class=\"elementor-inner\">\n\t\t\t\t\t\t\t<div class=\"elementor-section-wrap\">\n\t\t\t\t\t\t\t<section class=\"elementor-section elementor-top-section elementor-element elementor-element-7e48a5d elementor-section-full_width elementor-section-height-default elementor-section-height-default\" data-id=\"7e48a5d\" data-element_type=\"section\">\n\t\t\t\t\t\t<div class=\"elementor-container elementor-column-gap-default\">\n\t\t\t\t\t\t\t<div class=\"elementor-row\">\n\t\t\t\t\t<div class=\"elementor-column elementor-col-100 elementor-top-column elementor-element elementor-element-042f8a5\" data-id=\"042f8a5\" data-element_type=\"column\">\n\t\t\t<div class=\"elementor-column-wrap elementor-element-populated\">\n\t\t\t\t\t\t\t<div class=\"elementor-widget-wrap\">\n\t\t\t\t\t\t<div class=\"elementor-element elementor-element-6c32082 elementor-align-left elementor-widget elementor-widget-bdevs-banner\" data-id=\"6c32082\" data-element_type=\"widget\" data-widget_type=\"bdevs-banner.default\">\n\t\t\t\t<div class=\"elementor-widget-container\">\n\t\t\t\t<div class=\"breadcrumb-area about-breadcrumb-bg\" style=\"background-image: url(https:\/\/www.irmaklar.com\/wp-content\/uploads\/2021\/11\/parsiyel.jpg);\">\n         <div class=\"container\">\n            <div class=\"row\">\n               <div class=\"col-lg-7\">\n                  <div class=\"breadcrumb-txt\">\n                  \t                     <span>Hizmetler<\/span>\n                                                             <h1>Antrepo<\/h1>\n                                                             <nav aria-label=\"breadcrumb\">\n                        <ol class=\"breadcrumb\">\n                           <li class=\"breadcrumb-item\"><a href=\"https:\/\/www.irmaklar.com\/\">Anasayfa<\/a><\/li>\n                           <li class=\"breadcrumb-item active\" aria-current=\"page\">Antrepo<\/li>\n                        <\/ol>\n                     <\/nav>\n                                      <\/div>\n               <\/div>\n            <\/div>\n         <\/div>\n         <div class=\"breadcrumb-overlay\"><\/div>\n    <\/div>\n\t\t\t<\/div>\n\t\t\t\t<\/div>\n\t\t\t\t\t\t<\/div>\n\t\t\t\t\t<\/div>\n\t\t<\/div>\n\t\t\t\t\t\t\t\t<\/div>\n\t\t\t\t\t<\/div>\n\t\t<\/section>\n\t\t\t\t<section class=\"elementor-section elementor-top-section elementor-element elementor-element-f52adec elementor-section-boxed elementor-section-height-default elementor-section-height-default\" data-id=\"f52adec\" data-element_type=\"section\">\n\t\t\t\t\t\t<div class=\"elementor-container elementor-column-gap-default\">\n\t\t\t\t\t\t\t<div class=\"elementor-row\">\n\t\t\t\t\t<div class=\"elementor-column elementor-col-100 elementor-top-column elementor-element elementor-element-d33e0fe\" data-id=\"d33e0fe\" data-element_type=\"column\">\n\t\t\t<div class=\"elementor-column-wrap elementor-element-populated\">\n\t\t\t\t\t\t\t<div class=\"elementor-widget-wrap\">\n\t\t\t\t\t\t<div class=\"elementor-element elementor-element-5c5b3c1 elementor-widget elementor-widget-uael-posts\" data-id=\"5c5b3c1\" data-element_type=\"widget\" data-settings=\"{&quot;classic_slides_to_show&quot;:3,&quot;classic_slides_to_show_tablet&quot;:2,&quot;classic_slides_to_show_mobile&quot;:1}\" data-widget_type=\"uael-posts.classic\">\n\t\t\t\t<div class=\"elementor-widget-container\">\n\t\t\t\t\t<div class=\"uael-post__header\">\n\t\t\t\t\t<\/div>\n\t\t<div class=\"uael-post__body\">\n\t\t\t\n\t\t\n\t\t<div class=\"uael-blog-terms-position- uael-post-image-top uael-post-grid uael-posts\" data-query-type=\"custom\" data-structure=\"normal\" data-layout=\"\" data-page=\"1019\" data-skin=\"classic\" data-filter-default=\"\" data-offset-top=\"30\" >\n\n\t\t\t\t\t\t\t<div class=\"uael-post-grid__inner uael-post__columns-3 uael-post__columns-tablet-2 uael-post__columns-mobile-1\">\n\t\t\t\n<div class=\"uael-post-wrapper   \">\n\t<div class=\"uael-post__bg-wrap\">\n\n\t\t\t\t\n\t\t<div class=\"uael-post__inner-wrap\">\n\n\t\t\t\t<div class=\"uael-post__thumbnail\">\n\t\t\t\n\t\t\t<a href=\"https:\/\/www.irmaklar.com\/index.php\/service\/soguk-hava\/\" target=\"_self\" title=\"So\u011fuk Hava\"><img loading=\"lazy\" decoding=\"async\" width=\"1280\" height=\"720\" src=\"https:\/\/www.irmaklar.com\/wp-content\/uploads\/2021\/11\/soguk-hava.jpeg\" class=\"attachment-full size-full\" alt=\"\" \/><\/a>\n\t\t\t\t\t<\/div>\n\t\t\n\t\t\t\n\t\t\t<div class=\"uael-post__content-wrap\">\n\t\t\t\t\t<h3 class=\"uael-post__title\">\n\n\t\t\n\t\t\t\t\t\t<a href=\"https:\/\/www.irmaklar.com\/index.php\/service\/soguk-hava\/\" target=\"_self\">\n\t\t\t\tSo\u011fuk Hava\t\t\t<\/a>\n\n\t\t\t\t<\/h3>\n\t\t\t\t\t<\/div>\n\t\t\t\n\t\t<\/div>\n\t\t\n\t<\/div>\n\n<\/div>\n\n<div class=\"uael-post-wrapper   \">\n\t<div class=\"uael-post__bg-wrap\">\n\n\t\t\t\t\n\t\t<div class=\"uael-post__inner-wrap\">\n\n\t\t\t\t<div class=\"uael-post__thumbnail\">\n\t\t\t\n\t\t\t<a href=\"https:\/\/www.irmaklar.com\/index.php\/service\/konteyner-depolama\/\" target=\"_self\" title=\"Konteyner Depolama\"><img loading=\"lazy\" decoding=\"async\" width=\"1680\" height=\"300\" src=\"https:\/\/www.irmaklar.com\/wp-content\/uploads\/2021\/11\/6.jpg\" class=\"attachment-full size-full\" alt=\"\" \/><\/a>\n\t\t\t\t\t<\/div>\n\t\t\n\t\t\t\n\t\t\t<div class=\"uael-post__content-wrap\">\n\t\t\t\t\t<h3 class=\"uael-post__title\">\n\n\t\t\n\t\t\t\t\t\t<a href=\"https:\/\/www.irmaklar.com\/index.php\/service\/konteyner-depolama\/\" target=\"_self\">\n\t\t\t\tKonteyner Depolama\t\t\t<\/a>\n\n\t\t\t\t<\/h3>\n\t\t\t\t\t<\/div>\n\t\t\t\n\t\t<\/div>\n\t\t\n\t<\/div>\n\n<\/div>\n\n<div class=\"uael-post-wrapper   \">\n\t<div class=\"uael-post__bg-wrap\">\n\n\t\t\t\t\n\t\t<div class=\"uael-post__inner-wrap\">\n\n\t\t\t\t<div class=\"uael-post__thumbnail\">\n\t\t\t\n\t\t\t<a href=\"https:\/\/www.irmaklar.com\/index.php\/service\/gumruklu-antrepo-ve-serbest-depolama\/\" target=\"_self\" title=\"G\u00fcmr\u00fckl\u00fc Antrepo ve Serbest Depolama\"><img loading=\"lazy\" decoding=\"async\" width=\"1900\" height=\"1268\" src=\"https:\/\/www.irmaklar.com\/wp-content\/uploads\/2021\/11\/interior-large-distribution-warehouse-with-shelves-stacked-with-palettes-goods-ready-market.jpg\" class=\"attachment-full size-full\" alt=\"\" \/><\/a>\n\t\t\t\t\t<\/div>\n\t\t\n\t\t\t\n\t\t\t<div class=\"uael-post__content-wrap\">\n\t\t\t\t\t<h3 class=\"uael-post__title\">\n\n\t\t\n\t\t\t\t\t\t<a href=\"https:\/\/www.irmaklar.com\/index.php\/service\/gumruklu-antrepo-ve-serbest-depolama\/\" target=\"_self\">\n\t\t\t\tG\u00fcmr\u00fckl\u00fc Antrepo ve Serbest Depolama\t\t\t<\/a>\n\n\t\t\t\t<\/h3>\n\t\t\t\t\t<\/div>\n\t\t\t\n\t\t<\/div>\n\t\t\n\t<\/div>\n\n<\/div>\n\t\t\t\t<\/div>\n\t\t\t\t\t\t\n\t\t<\/div>\n\n\t\t\t\t\t\t<\/div>\n\t\t<div class=\"uael-post__footer\">\n\t\t\t\t\t<\/div>\n\t\t\t\t<\/div>\n\t\t\t\t<\/div>\n\t\t\t\t\t\t<\/div>\n\t\t\t\t\t<\/div>\n\t\t<\/div>\n\t\t\t\t\t\t\t\t<\/div>\n\t\t\t\t\t<\/div>\n\t\t<\/section>\n\t\t\t\t\t\t<\/div>\n\t\t\t\t\t\t<\/div>\n\t\t\t\t\t<\/div>\n\t\t","protected":false},"excerpt":{"rendered":"<p>Hizmetler Antrepo Anasayfa Antrepo So\u011fuk Hava Konteyner Depolama G\u00fcmr\u00fckl\u00fc Antrepo ve Serbest Depolama<\/p>\n","protected":false},"author":1,"featured_media":0,"parent":0,"menu_order":0,"comment_status":"closed","ping_status":"closed","template":"page-templates\/home-1.php","meta":{"footnotes":""},"class_list":["post-1019","page","type-page","status-publish","hentry"],"_links":{"self":[{"href":"https:\/\/www.irmaklar.com\/index.php\/wp-json\/wp\/v2\/pages\/1019","targetHints":{"allow":["GET"]}}],"collection":[{"href":"https:\/\/www.irmaklar.com\/index.php\/wp-json\/wp\/v2\/pages"}],"about":[{"href":"https:\/\/www.irmaklar.com\/index.php\/wp-json\/wp\/v2\/types\/page"}],"author":[{"embeddable":true,"href":"https:\/\/www.irmaklar.com\/index.php\/wp-json\/wp\/v2\/users\/1"}],"replies":[{"embeddable":true,"href":"https:\/\/www.irmaklar.com\/index.php\/wp-json\/wp\/v2\/comments?post=1019"}],"version-history":[{"count":10,"href":"https:\/\/www.irmaklar.com\/index.php\/wp-json\/wp\/v2\/pages\/1019\/revisions"}],"predecessor-version":[{"id":1411,"href":"https:\/\/www.irmaklar.com\/index.php\/wp-json\/wp\/v2\/pages\/1019\/revisions\/1411"}],"wp:attachment":[{"href":"https:\/\/www.irmaklar.com\/index.php\/wp-json\/wp\/v2\/media?parent=1019"}],"curies":[{"name":"wp","href":"https:\/\/api.w.org\/{rel}","templated":true}]}}