{"id":2641,"date":"2024-09-26T12:36:00","date_gmt":"2024-09-26T09:36:00","guid":{"rendered":"https:\/\/www.irmaklar.com\/?page_id=2641"},"modified":"2024-09-26T12:37:11","modified_gmt":"2024-09-26T09:37:11","slug":"isg-politikamiz","status":"publish","type":"page","link":"http:\/\/www.irmaklar.com\/index.php\/isg-politikamiz\/","title":{"rendered":"\u0130SG Politikam\u0131z"},"content":{"rendered":"\t\t<div data-elementor-type=\"wp-post\" data-elementor-id=\"2641\" class=\"elementor elementor-2641\" data-elementor-settings=\"[]\">\n\t\t\t\t\t\t<div class=\"elementor-inner\">\n\t\t\t\t\t\t\t<div class=\"elementor-section-wrap\">\n\t\t\t\t\t\t\t<section class=\"elementor-section elementor-top-section elementor-element elementor-element-a541cdb elementor-section-full_width elementor-section-height-default elementor-section-height-default\" data-id=\"a541cdb\" data-element_type=\"section\">\n\t\t\t\t\t\t<div class=\"elementor-container elementor-column-gap-default\">\n\t\t\t\t\t\t\t<div class=\"elementor-row\">\n\t\t\t\t\t<div class=\"elementor-column elementor-col-100 elementor-top-column elementor-element elementor-element-da95bfb\" data-id=\"da95bfb\" data-element_type=\"column\">\n\t\t\t<div class=\"elementor-column-wrap elementor-element-populated\">\n\t\t\t\t\t\t\t<div class=\"elementor-widget-wrap\">\n\t\t\t\t\t\t<div class=\"elementor-element elementor-element-ca12eb6 elementor-align-left elementor-widget elementor-widget-bdevs-banner\" data-id=\"ca12eb6\" data-element_type=\"widget\" data-widget_type=\"bdevs-banner.default\">\n\t\t\t\t<div class=\"elementor-widget-container\">\n\t\t\t\t<div class=\"breadcrumb-area about-breadcrumb-bg\" style=\"background-image: url();\">\n         <div class=\"container\">\n            <div class=\"row\">\n               <div class=\"col-lg-7\">\n                  <div class=\"breadcrumb-txt\">\n                  \t                     <span>Hakk\u0131m\u0131zda<\/span>\n                                                             <h1>Uluslararas\u0131 Ta\u015f\u0131mac\u0131l\u0131k<\/h1>\n                                                             <nav aria-label=\"breadcrumb\">\n                        <ol class=\"breadcrumb\">\n                           <li class=\"breadcrumb-item\"><a href=\"http:\/\/www.irmaklar.com\/\">Anasayfa<\/a><\/li>\n                           <li class=\"breadcrumb-item active\" aria-current=\"page\">Hakk\u0131m\u0131zda<\/li>\n                        <\/ol>\n                     <\/nav>\n                                      <\/div>\n               <\/div>\n            <\/div>\n         <\/div>\n         <div class=\"breadcrumb-overlay\"><\/div>\n    <\/div>\n\t\t\t<\/div>\n\t\t\t\t<\/div>\n\t\t\t\t\t\t<\/div>\n\t\t\t\t\t<\/div>\n\t\t<\/div>\n\t\t\t\t\t\t\t\t<\/div>\n\t\t\t\t\t<\/div>\n\t\t<\/section>\n\t\t\t\t<section class=\"elementor-section elementor-top-section elementor-element elementor-element-f3c1f4c elementor-section-boxed elementor-section-height-default elementor-section-height-default\" data-id=\"f3c1f4c\" data-element_type=\"section\">\n\t\t\t\t\t\t<div class=\"elementor-container elementor-column-gap-default\">\n\t\t\t\t\t\t\t<div class=\"elementor-row\">\n\t\t\t\t\t<div class=\"elementor-column elementor-col-50 elementor-top-column elementor-element elementor-element-8259006\" data-id=\"8259006\" data-element_type=\"column\">\n\t\t\t<div class=\"elementor-column-wrap elementor-element-populated\">\n\t\t\t\t\t\t\t<div class=\"elementor-widget-wrap\">\n\t\t\t\t\t\t<div class=\"elementor-element elementor-element-c80f383 elementor-widget elementor-widget-text-editor\" data-id=\"c80f383\" data-element_type=\"widget\" data-widget_type=\"text-editor.default\">\n\t\t\t\t<div class=\"elementor-widget-container\">\n\t\t\t\t\t\t\t\t<div class=\"elementor-text-editor elementor-clearfix\">\n\t\t\t\t<p><strong>\u0130SG POL\u0130T\u0130KASI<\/strong><\/p><ul><li><strong>\u0130RMAKLAR <\/strong>olarak, faaliyet g\u00f6sterdi\u011fimiz alanlarda daha sa\u011fl\u0131kl\u0131 ve g\u00fcvenli bir \u00e7al\u0131\u015fma ortam\u0131n\u0131 sa\u011flamak i\u00e7in olas\u0131 i\u015f kazalar\u0131, yaralanma ve meslek hastal\u0131klar\u0131n\u0131 engellemeyi, bunlar\u0131 olu\u015fturan riskleri ve f\u0131rsatlar\u0131 de\u011ferlendirerek i\u015f sa\u011fl\u0131\u011f\u0131 ve g\u00fcvenli\u011fine y\u00f6nelik strateji ve hedefleri belirlemeyi,<\/li><li>T\u00fcm \u00e7al\u0131\u015fanlar\u0131n ve payda\u015flar\u0131n i\u015f sa\u011fl\u0131\u011f\u0131 ve g\u00fcvenli\u011fi alan\u0131nda fark\u0131ndal\u0131k ve memnuniyet alg\u0131s\u0131n\u0131 geli\u015ftirmeyi,<\/li><li>\u0130\u015f sa\u011fl\u0131\u011f\u0131 ve g\u00fcvenli\u011fi y\u00f6netim sistemlerinde belirlenen, organizasyonlarla, \u00f6nceden \u00f6nlemler alarak i\u015f kazas\u0131 ve meslek hastal\u0131klar\u0131n\u0131n \u00f6nlenmesini sa\u011flamak,<\/li><li>Her t\u00fcrl\u00fc strateji, hedef ve aksiyon \u00e7al\u0131\u015fmalar\u0131na \u00e7al\u0131\u015fanlar\u0131n kat\u0131l\u0131m\u0131n\u0131 sa\u011flamay\u0131,<\/li><li>\u0130\u015f sa\u011fl\u0131\u011f\u0131 ve g\u00fcvenli\u011fini ya\u015fam bi\u00e7imi haline getirmeyi,<\/li><li>\u0130\u015f kaynakl\u0131 kazalar\u0131, yaralanmalar\u0131 ve hastal\u0131klar\u0131 engellemek i\u00e7in sa\u011fl\u0131kl\u0131 ve g\u00fcvenli \u00e7al\u0131\u015fma \u015fartlar\u0131n\u0131 sa\u011flamay\u0131, ilgili taraflar\u0131n beklentilerini dikkate almay\u0131, \u00e7al\u0131\u015fan kat\u0131l\u0131m\u0131na ve \u00e7al\u0131\u015fana dan\u0131\u015fmaya \u00f6nem vermeyi, i\u015f sa\u011fl\u0131\u011f\u0131 ve g\u00fcvenli\u011fi hedefleri, i\u015f sa\u011fl\u0131\u011f\u0131 ve g\u00fcvenli\u011fi risk, f\u0131rsat ve tehlikelerini belirlemeyi, de\u011ferlendirmeyi ve aksiyon almay\u0131, performans ve uygulamalar\u0131n etkinli\u011fini izlemeyi, g\u00fc\u00e7l\u00fc bir y\u00f6netim ve liderlik sisteminin sa\u011flanmas\u0131 i\u00e7in i\u015f s\u00fcre\u00e7lerini s\u00fcrekli iyile\u015ftirmeyi,<\/li><li>Faaliyetlerin insan sa\u011fl\u0131\u011f\u0131 \u00fczerindeki olumsuz etkilerini azaltmak i\u00e7in t\u00fcm \u00e7al\u0131\u015fanlar\u0131n\u0131, y\u00fcklenicilerini sa\u011fl\u0131k ve emniyet konular\u0131nda bilin\u00e7lendirir, e\u011fitimle destekler, bu konuda kamu \u00e7\u0131karlar\u0131n\u0131 g\u00f6zeten t\u00fcm kurulu\u015flar ve ilgili taraflar ile i\u015f birli\u011fi yapar,<\/li><li>\u0130\u015f sa\u011fl\u0131\u011f\u0131 ve g\u00fcvenli\u011fi faaliyetleri i\u00e7in y\u00fcr\u00fcrl\u00fckteki yasal ve di\u011fer t\u00fcm sorumluluklara uymay\u0131 taahh\u00fct ederiz.<\/li><\/ul>\t\t\t\t\t<\/div>\n\t\t\t\t\t\t<\/div>\n\t\t\t\t<\/div>\n\t\t\t\t<div class=\"elementor-element elementor-element-385b4ff elementor-widget elementor-widget-text-editor\" data-id=\"385b4ff\" data-element_type=\"widget\" data-widget_type=\"text-editor.default\">\n\t\t\t\t<div class=\"elementor-widget-container\">\n\t\t\t\t\t\t\t\t<div class=\"elementor-text-editor elementor-clearfix\">\n\t\t\t\t<h2 style=\"margin-bottom:40px\"class=\"subtitle\">Grup \u015eirketler<\/h2>\n\n\n<img loading=\"lazy\" decoding=\"async\" class=\"alignnone wp-image-1340\" src=\"http:\/\/dreamoffice.com.tr\/irmaklar\/wp-content\/uploads\/2021\/12\/irmak-logo-300x69.png\" alt=\"\" width=\"169\" height=\"39\" srcset=\"http:\/\/www.irmaklar.com\/wp-content\/uploads\/2021\/12\/irmak-logo-300x69.png 300w, http:\/\/www.irmaklar.com\/wp-content\/uploads\/2021\/12\/irmak-logo.png 500w\" sizes=\"auto, (max-width: 169px) 100vw, 169px\" \/>\u00a0 \u00a0 <img loading=\"lazy\" decoding=\"async\" class=\"inex alignnone wp-image-1354\" src=\"http:\/\/dreamoffice.com.tr\/irmaklar\/wp-content\/uploads\/2021\/12\/inex-logo.png\" alt=\"\" width=\"85\" height=\"96\" \/>.\u00a0 \u00a0<img loading=\"lazy\" decoding=\"async\" class=\"alignnone wp-image-1323\" src=\"http:\/\/dreamoffice.com.tr\/irmaklar\/wp-content\/uploads\/2021\/11\/sea-line.png\" alt=\"\" width=\"150\" height=\"52\" \/>\t\t\t\t\t<\/div>\n\t\t\t\t\t\t<\/div>\n\t\t\t\t<\/div>\n\t\t\t\t\t\t<\/div>\n\t\t\t\t\t<\/div>\n\t\t<\/div>\n\t\t\t\t<div class=\"elementor-column elementor-col-50 elementor-top-column elementor-element elementor-element-6a7c9c4\" data-id=\"6a7c9c4\" data-element_type=\"column\" data-settings=\"{&quot;background_background&quot;:&quot;classic&quot;}\">\n\t\t\t<div class=\"elementor-column-wrap\">\n\t\t\t\t\t<div class=\"elementor-background-overlay\"><\/div>\n\t\t\t\t\t\t\t<div class=\"elementor-widget-wrap\">\n\t\t\t\t\t\t\t\t<\/div>\n\t\t\t\t\t<\/div>\n\t\t<\/div>\n\t\t\t\t\t\t\t\t<\/div>\n\t\t\t\t\t<\/div>\n\t\t<\/section>\n\t\t\t\t<section class=\"elementor-section elementor-top-section elementor-element elementor-element-796ef64 viz-mis elementor-section-boxed elementor-section-height-default elementor-section-height-default\" data-id=\"796ef64\" data-element_type=\"section\">\n\t\t\t\t\t\t<div class=\"elementor-container elementor-column-gap-default\">\n\t\t\t\t\t\t\t<div class=\"elementor-row\">\n\t\t\t\t\t<div class=\"elementor-column elementor-col-100 elementor-top-column elementor-element elementor-element-d781453\" data-id=\"d781453\" data-element_type=\"column\">\n\t\t\t<div class=\"elementor-column-wrap elementor-element-populated\">\n\t\t\t\t\t\t\t<div class=\"elementor-widget-wrap\">\n\t\t\t\t\t\t<div class=\"elementor-element elementor-element-18e75e6 elementor-align-left elementor-widget elementor-widget-bdevs-faq\" data-id=\"18e75e6\" data-element_type=\"widget\" data-widget_type=\"bdevs-faq.default\">\n\t\t\t\t<div class=\"elementor-widget-container\">\n\t\t\t\t   \t\t   \t<div class=\"faq-section\">\n\t         <div class=\"container\">\n\t            <div class=\"row\">\n\t               <div class=\"col-xl-6 col-lg-7\">\n\t                  <div class=\"targets\">\n\t                  \t\t                     <div class=\"box wow fadeInUp\" data-wow-duration=\"1.5s\" data-wow-delay=\"0s\">\n\t                        <div class=\"icon-wrapper\"><i class=\"flaticon-external-link-square-with-an-arrow-in-right-diagonal\"><\/i><\/div>\n\t                        <div class=\"box-details\">\n\t                        \t                           <h4>Misyonumuz<\/h4>\n\t                        \t                        \t                           <p>M\u00fc\u015fterilerimize \u00f6zel \u00e7\u00f6z\u00fcmler sunarak hem zamandan hem de b\u00fct\u00e7eden tasarruf etmelerini sa\u011flamak, onlar\u0131n hak ve \u00e7\u0131karlar\u0131n\u0131 her ko\u015fulda korumak, Lojistik sekt\u00f6r\u00fcndeki kalite standartlar\u0131n\u0131 kar\u015f\u0131layarak sadece g\u00fcvene dayal\u0131 i\u015f ili\u015fkileri kurmak ve ta\u015f\u0131mac\u0131l\u0131k sekt\u00f6r\u00fcn\u00fcn \u00e7\u0131tas\u0131n\u0131 y\u00fckselten lider bir marka olmakt\u0131r.\n<\/p>\n\t                        \t                        <\/div>\n\t                     <\/div>\n\t                 \t\t                     <div class=\"box wow fadeInUp\" data-wow-duration=\"1.5s\" data-wow-delay=\".2s\">\n\t                        <div class=\"icon-wrapper\"><i class=\"flaticon-check\"><\/i><\/div>\n\t                        <div class=\"box-details\">\n\t                        \t                           <h4>Vizyonumuz<\/h4>\n\t                        \t                        \t                           <p>\u00dclkemizdeki Lojistik sekt\u00f6r\u00fcn\u00fcn, d\u00fcnya standartlar\u0131ndaki teknolojik yap\u0131ya ula\u015fmas\u0131nda pay sahibi olmak, m\u00fc\u015fterilerimizin uluslararas\u0131 arenada da karl\u0131 ticaretler yapmalar\u0131na katk\u0131da bulunmak ve sundu\u011fumuz entegre lojistik \u00e7\u00f6z\u00fcmlerle sekt\u00f6r\u00fcn lider markalar\u0131ndan biri olmakt\u0131r.<\/p>\n\t                        \t                        <\/div>\n\t                     <\/div>\n\t                 \t\t                  <\/div>\n\t               <\/div>\n\t               <div class=\"offset-xl-1 col-xl-5 col-lg-5 faqs\">\n\t               \t\t                  <span class=\"title\">FAQS<\/span>\n\t                \t                \t                  <h2 class=\"subtitle\">FREQUENTLY ASKED QUESTIONS<\/h2>\n\t                \t                  <div class=\"accordion\" id=\"accordionExample\">\n\t                  \t\t                     <div class=\"card wow fadeInUp\" data-wow-duration=\"1s\" data-wow-delay=\"0s\">\n\t                        <div class=\"card-header\" id=\"headingOne\">\n\t                        \t                           <h2 class=\"mb-0\">\n\t                              <button class=\"btn btn-link collapsed btn-block text-left\" type=\"button\" data-toggle=\"collapse\" data-target=\"#collapseOne\" aria-expanded=\"false\" aria-controls=\"collapseOne\">\n\t                              Why choose this? \t                              <\/button>\n\t                           <\/h2>\n\t                        \t                        <\/div>\n\t                        <div id=\"collapseOne\" class=\"collapse\" aria-labelledby=\"headingOne\" data-parent=\"#accordionExample\">\n\t                        \t                           <div class=\"card-body\">\n\t                              They offers a host of logistic management services and supply chain . We provide innovative solutions with the best.  tempor incididunt ut labore et dolor  empor tempor incididunt innovative solutions  \n\t                           <\/div>\n\t                        \t                        <\/div>\n\t                     <\/div>\n\t                 \t\t                     <div class=\"card wow fadeInUp\" data-wow-duration=\"1s\" data-wow-delay=\".2s\">\n\t                        <div class=\"card-header\" id=\"headingTwo\">\n\t                        \t                           <h2 class=\"mb-0\">\n\t                              <button class=\"btn btn-link collapsed btn-block text-left\" type=\"button\" data-toggle=\"collapse\" data-target=\"#collapseTwo\" aria-expanded=\"false\" aria-controls=\"collapseTwo\">\n\t                              Is it costly?\t                              <\/button>\n\t                           <\/h2>\n\t                        \t                        <\/div>\n\t                        <div id=\"collapseTwo\" class=\"collapse\" aria-labelledby=\"headingTwo\" data-parent=\"#accordionExample\">\n\t                        \t                           <div class=\"card-body\">\n\t                              They offers a host of logistic management services and supply chain . We provide innovative solutions with the best.  tempor incididunt ut labore et dolor  empor tempor incididunt innovative solutions  \n\t                           <\/div>\n\t                        \t                        <\/div>\n\t                     <\/div>\n\t                 \t\t                     <div class=\"card wow fadeInUp\" data-wow-duration=\"1s\" data-wow-delay=\".4s\">\n\t                        <div class=\"card-header\" id=\"headingThree\">\n\t                        \t                           <h2 class=\"mb-0\">\n\t                              <button class=\"btn btn-link collapsed btn-block text-left\" type=\"button\" data-toggle=\"collapse\" data-target=\"#collapseThree\" aria-expanded=\"false\" aria-controls=\"collapseThree\">\n\t                              When usally product reach?\t                              <\/button>\n\t                           <\/h2>\n\t                        \t                        <\/div>\n\t                        <div id=\"collapseThree\" class=\"collapse\" aria-labelledby=\"headingThree\" data-parent=\"#accordionExample\">\n\t                        \t                           <div class=\"card-body\">\n\t                              They offers a host of logistic management services and supply chain . We provide innovative solutions with the best.  tempor incididunt ut labore et dolor  empor tempor incididunt innovative solutions  \n\t                           <\/div>\n\t                        \t                        <\/div>\n\t                     <\/div>\n\t                 \t\t                  <\/div>\n\t               <\/div>\n\t            <\/div>\n\t         <\/div>\n\t      <\/div>\n        \t\t\t<\/div>\n\t\t\t\t<\/div>\n\t\t\t\t\t\t<\/div>\n\t\t\t\t\t<\/div>\n\t\t<\/div>\n\t\t\t\t\t\t\t\t<\/div>\n\t\t\t\t\t<\/div>\n\t\t<\/section>\n\t\t\t\t\t\t<\/div>\n\t\t\t\t\t\t<\/div>\n\t\t\t\t\t<\/div>\n\t\t","protected":false},"excerpt":{"rendered":"<p>Hakk\u0131m\u0131zda Uluslararas\u0131 Ta\u015f\u0131mac\u0131l\u0131k Anasayfa Hakk\u0131m\u0131zda \u0130SG POL\u0130T\u0130KASI\u0130RMAKLAR olarak, faaliyet g\u00f6sterdi\u011fimiz alanlarda daha sa\u011fl\u0131kl\u0131 ve g\u00fcvenli bir \u00e7al\u0131\u015fma ortam\u0131n\u0131 sa\u011flamak i\u00e7in olas\u0131 i\u015f kazalar\u0131, yaralanma ve meslek hastal\u0131klar\u0131n\u0131 engellemeyi, bunlar\u0131 olu\u015fturan riskleri ve f\u0131rsatlar\u0131 de\u011ferlendirerek i\u015f sa\u011fl\u0131\u011f\u0131 ve g\u00fcvenli\u011fine y\u00f6nelik strateji ve hedefleri belirlemeyi,T\u00fcm \u00e7al\u0131\u015fanlar\u0131n ve payda\u015flar\u0131n i\u015f sa\u011fl\u0131\u011f\u0131 ve g\u00fcvenli\u011fi alan\u0131nda fark\u0131ndal\u0131k ve memnuniyet alg\u0131s\u0131n\u0131 [&hellip;]<\/p>\n","protected":false},"author":1,"featured_media":0,"parent":0,"menu_order":0,"comment_status":"closed","ping_status":"closed","template":"page-templates\/home-1.php","meta":{"footnotes":""},"class_list":["post-2641","page","type-page","status-publish","hentry"],"_links":{"self":[{"href":"http:\/\/www.irmaklar.com\/index.php\/wp-json\/wp\/v2\/pages\/2641","targetHints":{"allow":["GET"]}}],"collection":[{"href":"http:\/\/www.irmaklar.com\/index.php\/wp-json\/wp\/v2\/pages"}],"about":[{"href":"http:\/\/www.irmaklar.com\/index.php\/wp-json\/wp\/v2\/types\/page"}],"author":[{"embeddable":true,"href":"http:\/\/www.irmaklar.com\/index.php\/wp-json\/wp\/v2\/users\/1"}],"replies":[{"embeddable":true,"href":"http:\/\/www.irmaklar.com\/index.php\/wp-json\/wp\/v2\/comments?post=2641"}],"version-history":[{"count":4,"href":"http:\/\/www.irmaklar.com\/index.php\/wp-json\/wp\/v2\/pages\/2641\/revisions"}],"predecessor-version":[{"id":2646,"href":"http:\/\/www.irmaklar.com\/index.php\/wp-json\/wp\/v2\/pages\/2641\/revisions\/2646"}],"wp:attachment":[{"href":"http:\/\/www.irmaklar.com\/index.php\/wp-json\/wp\/v2\/media?parent=2641"}],"curies":[{"name":"wp","href":"https:\/\/api.w.org\/{rel}","templated":true}]}}