{"id":2632,"date":"2024-09-26T12:31:27","date_gmt":"2024-09-26T09:31:27","guid":{"rendered":"https:\/\/www.irmaklar.com\/?page_id=2632"},"modified":"2024-09-26T12:38:57","modified_gmt":"2024-09-26T09:38:57","slug":"kalite-politkamiz","status":"publish","type":"page","link":"http:\/\/www.irmaklar.com\/index.php\/kalite-politkamiz\/","title":{"rendered":"Kalite Politikam\u0131z"},"content":{"rendered":"\t\t<div data-elementor-type=\"wp-post\" data-elementor-id=\"2632\" class=\"elementor elementor-2632\" data-elementor-settings=\"[]\">\n\t\t\t\t\t\t<div class=\"elementor-inner\">\n\t\t\t\t\t\t\t<div class=\"elementor-section-wrap\">\n\t\t\t\t\t\t\t<section class=\"elementor-section elementor-top-section elementor-element elementor-element-a541cdb elementor-section-full_width elementor-section-height-default elementor-section-height-default\" data-id=\"a541cdb\" data-element_type=\"section\">\n\t\t\t\t\t\t<div class=\"elementor-container elementor-column-gap-default\">\n\t\t\t\t\t\t\t<div class=\"elementor-row\">\n\t\t\t\t\t<div class=\"elementor-column elementor-col-100 elementor-top-column elementor-element elementor-element-da95bfb\" data-id=\"da95bfb\" data-element_type=\"column\">\n\t\t\t<div class=\"elementor-column-wrap elementor-element-populated\">\n\t\t\t\t\t\t\t<div class=\"elementor-widget-wrap\">\n\t\t\t\t\t\t<div class=\"elementor-element elementor-element-ca12eb6 elementor-align-left elementor-widget elementor-widget-bdevs-banner\" data-id=\"ca12eb6\" data-element_type=\"widget\" data-widget_type=\"bdevs-banner.default\">\n\t\t\t\t<div class=\"elementor-widget-container\">\n\t\t\t\t<div class=\"breadcrumb-area about-breadcrumb-bg\" style=\"background-image: url();\">\n         <div class=\"container\">\n            <div class=\"row\">\n               <div class=\"col-lg-7\">\n                  <div class=\"breadcrumb-txt\">\n                  \t                     <span>Hakk\u0131m\u0131zda<\/span>\n                                                             <h1>Uluslararas\u0131 Ta\u015f\u0131mac\u0131l\u0131k<\/h1>\n                                                             <nav aria-label=\"breadcrumb\">\n                        <ol class=\"breadcrumb\">\n                           <li class=\"breadcrumb-item\"><a href=\"http:\/\/www.irmaklar.com\/\">Anasayfa<\/a><\/li>\n                           <li class=\"breadcrumb-item active\" aria-current=\"page\">Hakk\u0131m\u0131zda<\/li>\n                        <\/ol>\n                     <\/nav>\n                                      <\/div>\n               <\/div>\n            <\/div>\n         <\/div>\n         <div class=\"breadcrumb-overlay\"><\/div>\n    <\/div>\n\t\t\t<\/div>\n\t\t\t\t<\/div>\n\t\t\t\t\t\t<\/div>\n\t\t\t\t\t<\/div>\n\t\t<\/div>\n\t\t\t\t\t\t\t\t<\/div>\n\t\t\t\t\t<\/div>\n\t\t<\/section>\n\t\t\t\t<section class=\"elementor-section elementor-top-section elementor-element elementor-element-f3c1f4c elementor-section-boxed elementor-section-height-default elementor-section-height-default\" data-id=\"f3c1f4c\" data-element_type=\"section\">\n\t\t\t\t\t\t<div class=\"elementor-container elementor-column-gap-default\">\n\t\t\t\t\t\t\t<div class=\"elementor-row\">\n\t\t\t\t\t<div class=\"elementor-column elementor-col-50 elementor-top-column elementor-element elementor-element-8259006\" data-id=\"8259006\" data-element_type=\"column\">\n\t\t\t<div class=\"elementor-column-wrap elementor-element-populated\">\n\t\t\t\t\t\t\t<div class=\"elementor-widget-wrap\">\n\t\t\t\t\t\t<div class=\"elementor-element elementor-element-c80f383 elementor-widget elementor-widget-text-editor\" data-id=\"c80f383\" data-element_type=\"widget\" data-widget_type=\"text-editor.default\">\n\t\t\t\t<div class=\"elementor-widget-container\">\n\t\t\t\t\t\t\t\t<div class=\"elementor-text-editor elementor-clearfix\">\n\t\t\t\t<p><strong>KAL\u0130TE POL\u0130T\u0130KASI<\/strong><\/p><ul><li><strong>\u0130RMAKLAR LOJ\u0130ST\u0130K<\/strong> , m\u00fc\u015fterilerinin talep ve beklentilerini anlamay\u0131, uygun \u015fekilde kar\u015f\u0131layarak memnuniyetlerini sa\u011flamay\u0131 ve s\u00fcrekli iyile\u015ftirmeyi,<\/li><li>T\u00fcm payda\u015flar\u0131n memnuniyet, aidiyet ve ba\u011fl\u0131l\u0131k duygusunu geli\u015ftirmeyi,<\/li><li>Hizmet ve y\u00f6netim fonksiyonlar\u0131n\u0131 ger\u00e7ekle\u015ftirdi\u011fimiz t\u00fcm faaliyetlerimizde, mevcut kalite y\u00f6netim sistemlerimizin \u015fartlar\u0131n\u0131 yerine getirmeyi, belgelendirmeyi, dok\u00fcmante etmeyi ve s\u00fcrekli iyile\u015fmesini sa\u011flamay\u0131,<\/li><li>Bireylerin yetenek ve yetkinliklerini geli\u015ftirmesini, \u00f6zg\u00fcn, yenilik\u00e7i yakla\u015f\u0131mlarda bulunmas\u0131 i\u00e7in disiplinleraras\u0131 ve uluslararas\u0131 etkile\u015fimli e\u011fitim ve ara\u015ft\u0131rmay\u0131 desteklemeyi,<\/li><li>\u00d6z\u00fcnde s\u00fcrekli iyile\u015ftirme, \u00f6\u011frenme ve yenilik\u00e7ilik olan m\u00fckemmellik yakla\u015f\u0131m\u0131n\u0131 benimsemeyi,<\/li><li>M\u00fc\u015fterilerimizin taleplerine uygun lojistik faaliyetler ve di\u011fer sat\u0131n al\u0131mlarda, ulusal standartlar\u0131na uygun olarak; \u00fcr\u00fcn, s\u00fcre\u00e7 ve hizmet temin etti\u011fimiz kurulu\u015flarla g\u00fcvene dayal\u0131, bilginin payla\u015f\u0131m\u0131n\u0131 ve b\u00fct\u00fcnle\u015fmeyi esas alan, kar\u015f\u0131l\u0131kl\u0131 fayda sa\u011flayan ili\u015fkiler kurmay\u0131 hedefliyoruz.<\/li><li>Ta\u015f\u0131mac\u0131l\u0131k s\u00fcre\u00e7lerimizde, g\u0131da, t\u0131bbi malzeme, tehlikeli maddeler gibi, hassasiyet gerektiren ve insan sa\u011fl\u0131\u011f\u0131n\u0131 tehdit eden \u00fcr\u00fcn gruplar\u0131nda; \u00f6zelle\u015ftirilmi\u015f prosed\u00fcrlerle hareket ederek \u00fcr\u00fcn g\u00fcvenli\u011fi, insan sa\u011fl\u0131\u011f\u0131 ve \u00e7evre konular\u0131nda sorumluluklar\u0131m\u0131z\u0131 yerine getirmeyi,<\/li><li>Y\u00fcr\u00fcrl\u00fckteki yasal ve di\u011fer sorumluluklara uymay\u0131 taahh\u00fct eder.<\/li><\/ul>\t\t\t\t\t<\/div>\n\t\t\t\t\t\t<\/div>\n\t\t\t\t<\/div>\n\t\t\t\t<div class=\"elementor-element elementor-element-385b4ff elementor-widget elementor-widget-text-editor\" data-id=\"385b4ff\" data-element_type=\"widget\" data-widget_type=\"text-editor.default\">\n\t\t\t\t<div class=\"elementor-widget-container\">\n\t\t\t\t\t\t\t\t<div class=\"elementor-text-editor elementor-clearfix\">\n\t\t\t\t<h2 style=\"margin-bottom:40px\"class=\"subtitle\">Grup \u015eirketler<\/h2>\n\n\n<img loading=\"lazy\" decoding=\"async\" class=\"alignnone wp-image-1340\" src=\"http:\/\/dreamoffice.com.tr\/irmaklar\/wp-content\/uploads\/2021\/12\/irmak-logo-300x69.png\" alt=\"\" width=\"169\" height=\"39\" srcset=\"http:\/\/www.irmaklar.com\/wp-content\/uploads\/2021\/12\/irmak-logo-300x69.png 300w, http:\/\/www.irmaklar.com\/wp-content\/uploads\/2021\/12\/irmak-logo.png 500w\" sizes=\"auto, (max-width: 169px) 100vw, 169px\" \/>\u00a0 \u00a0 <img loading=\"lazy\" decoding=\"async\" class=\"inex alignnone wp-image-1354\" src=\"http:\/\/dreamoffice.com.tr\/irmaklar\/wp-content\/uploads\/2021\/12\/inex-logo.png\" alt=\"\" width=\"85\" height=\"96\" \/>.\u00a0 \u00a0<img loading=\"lazy\" decoding=\"async\" class=\"alignnone wp-image-1323\" src=\"http:\/\/dreamoffice.com.tr\/irmaklar\/wp-content\/uploads\/2021\/11\/sea-line.png\" alt=\"\" width=\"150\" height=\"52\" \/>\t\t\t\t\t<\/div>\n\t\t\t\t\t\t<\/div>\n\t\t\t\t<\/div>\n\t\t\t\t\t\t<\/div>\n\t\t\t\t\t<\/div>\n\t\t<\/div>\n\t\t\t\t<div class=\"elementor-column elementor-col-50 elementor-top-column elementor-element elementor-element-6a7c9c4\" data-id=\"6a7c9c4\" data-element_type=\"column\" data-settings=\"{&quot;background_background&quot;:&quot;classic&quot;}\">\n\t\t\t<div class=\"elementor-column-wrap\">\n\t\t\t\t\t<div class=\"elementor-background-overlay\"><\/div>\n\t\t\t\t\t\t\t<div class=\"elementor-widget-wrap\">\n\t\t\t\t\t\t\t\t<\/div>\n\t\t\t\t\t<\/div>\n\t\t<\/div>\n\t\t\t\t\t\t\t\t<\/div>\n\t\t\t\t\t<\/div>\n\t\t<\/section>\n\t\t\t\t<section class=\"elementor-section elementor-top-section elementor-element elementor-element-796ef64 viz-mis elementor-section-boxed elementor-section-height-default elementor-section-height-default\" data-id=\"796ef64\" data-element_type=\"section\">\n\t\t\t\t\t\t<div class=\"elementor-container elementor-column-gap-default\">\n\t\t\t\t\t\t\t<div class=\"elementor-row\">\n\t\t\t\t\t<div class=\"elementor-column elementor-col-100 elementor-top-column elementor-element elementor-element-d781453\" data-id=\"d781453\" data-element_type=\"column\">\n\t\t\t<div class=\"elementor-column-wrap elementor-element-populated\">\n\t\t\t\t\t\t\t<div class=\"elementor-widget-wrap\">\n\t\t\t\t\t\t<div class=\"elementor-element elementor-element-18e75e6 elementor-align-left elementor-widget elementor-widget-bdevs-faq\" data-id=\"18e75e6\" data-element_type=\"widget\" data-widget_type=\"bdevs-faq.default\">\n\t\t\t\t<div class=\"elementor-widget-container\">\n\t\t\t\t   \t\t   \t<div class=\"faq-section\">\n\t         <div class=\"container\">\n\t            <div class=\"row\">\n\t               <div class=\"col-xl-6 col-lg-7\">\n\t                  <div class=\"targets\">\n\t                  \t\t                     <div class=\"box wow fadeInUp\" data-wow-duration=\"1.5s\" data-wow-delay=\"0s\">\n\t                        <div class=\"icon-wrapper\"><i class=\"flaticon-external-link-square-with-an-arrow-in-right-diagonal\"><\/i><\/div>\n\t                        <div class=\"box-details\">\n\t                        \t                           <h4>Misyonumuz<\/h4>\n\t                        \t                        \t                           <p>M\u00fc\u015fterilerimize \u00f6zel \u00e7\u00f6z\u00fcmler sunarak hem zamandan hem de b\u00fct\u00e7eden tasarruf etmelerini sa\u011flamak, onlar\u0131n hak ve \u00e7\u0131karlar\u0131n\u0131 her ko\u015fulda korumak, Lojistik sekt\u00f6r\u00fcndeki kalite standartlar\u0131n\u0131 kar\u015f\u0131layarak sadece g\u00fcvene dayal\u0131 i\u015f ili\u015fkileri kurmak ve ta\u015f\u0131mac\u0131l\u0131k sekt\u00f6r\u00fcn\u00fcn \u00e7\u0131tas\u0131n\u0131 y\u00fckselten lider bir marka olmakt\u0131r.\n<\/p>\n\t                        \t                        <\/div>\n\t                     <\/div>\n\t                 \t\t                     <div class=\"box wow fadeInUp\" data-wow-duration=\"1.5s\" data-wow-delay=\".2s\">\n\t                        <div class=\"icon-wrapper\"><i class=\"flaticon-check\"><\/i><\/div>\n\t                        <div class=\"box-details\">\n\t                        \t                           <h4>Vizyonumuz<\/h4>\n\t                        \t                        \t                           <p>\u00dclkemizdeki Lojistik sekt\u00f6r\u00fcn\u00fcn, d\u00fcnya standartlar\u0131ndaki teknolojik yap\u0131ya ula\u015fmas\u0131nda pay sahibi olmak, m\u00fc\u015fterilerimizin uluslararas\u0131 arenada da karl\u0131 ticaretler yapmalar\u0131na katk\u0131da bulunmak ve sundu\u011fumuz entegre lojistik \u00e7\u00f6z\u00fcmlerle sekt\u00f6r\u00fcn lider markalar\u0131ndan biri olmakt\u0131r.<\/p>\n\t                        \t                        <\/div>\n\t                     <\/div>\n\t                 \t\t                  <\/div>\n\t               <\/div>\n\t               <div class=\"offset-xl-1 col-xl-5 col-lg-5 faqs\">\n\t               \t\t                  <span class=\"title\">FAQS<\/span>\n\t                \t                \t                  <h2 class=\"subtitle\">FREQUENTLY ASKED QUESTIONS<\/h2>\n\t                \t                  <div class=\"accordion\" id=\"accordionExample\">\n\t                  \t\t                     <div class=\"card wow fadeInUp\" data-wow-duration=\"1s\" data-wow-delay=\"0s\">\n\t                        <div class=\"card-header\" id=\"headingOne\">\n\t                        \t                           <h2 class=\"mb-0\">\n\t                              <button class=\"btn btn-link collapsed btn-block text-left\" type=\"button\" data-toggle=\"collapse\" data-target=\"#collapseOne\" aria-expanded=\"false\" aria-controls=\"collapseOne\">\n\t                              Why choose this? \t                              <\/button>\n\t                           <\/h2>\n\t                        \t                        <\/div>\n\t                        <div id=\"collapseOne\" class=\"collapse\" aria-labelledby=\"headingOne\" data-parent=\"#accordionExample\">\n\t                        \t                           <div class=\"card-body\">\n\t                              They offers a host of logistic management services and supply chain . We provide innovative solutions with the best.  tempor incididunt ut labore et dolor  empor tempor incididunt innovative solutions  \n\t                           <\/div>\n\t                        \t                        <\/div>\n\t                     <\/div>\n\t                 \t\t                     <div class=\"card wow fadeInUp\" data-wow-duration=\"1s\" data-wow-delay=\".2s\">\n\t                        <div class=\"card-header\" id=\"headingTwo\">\n\t                        \t                           <h2 class=\"mb-0\">\n\t                              <button class=\"btn btn-link collapsed btn-block text-left\" type=\"button\" data-toggle=\"collapse\" data-target=\"#collapseTwo\" aria-expanded=\"false\" aria-controls=\"collapseTwo\">\n\t                              Is it costly?\t                              <\/button>\n\t                           <\/h2>\n\t                        \t                        <\/div>\n\t                        <div id=\"collapseTwo\" class=\"collapse\" aria-labelledby=\"headingTwo\" data-parent=\"#accordionExample\">\n\t                        \t                           <div class=\"card-body\">\n\t                              They offers a host of logistic management services and supply chain . We provide innovative solutions with the best.  tempor incididunt ut labore et dolor  empor tempor incididunt innovative solutions  \n\t                           <\/div>\n\t                        \t                        <\/div>\n\t                     <\/div>\n\t                 \t\t                     <div class=\"card wow fadeInUp\" data-wow-duration=\"1s\" data-wow-delay=\".4s\">\n\t                        <div class=\"card-header\" id=\"headingThree\">\n\t                        \t                           <h2 class=\"mb-0\">\n\t                              <button class=\"btn btn-link collapsed btn-block text-left\" type=\"button\" data-toggle=\"collapse\" data-target=\"#collapseThree\" aria-expanded=\"false\" aria-controls=\"collapseThree\">\n\t                              When usally product reach?\t                              <\/button>\n\t                           <\/h2>\n\t                        \t                        <\/div>\n\t                        <div id=\"collapseThree\" class=\"collapse\" aria-labelledby=\"headingThree\" data-parent=\"#accordionExample\">\n\t                        \t                           <div class=\"card-body\">\n\t                              They offers a host of logistic management services and supply chain . We provide innovative solutions with the best.  tempor incididunt ut labore et dolor  empor tempor incididunt innovative solutions  \n\t                           <\/div>\n\t                        \t                        <\/div>\n\t                     <\/div>\n\t                 \t\t                  <\/div>\n\t               <\/div>\n\t            <\/div>\n\t         <\/div>\n\t      <\/div>\n        \t\t\t<\/div>\n\t\t\t\t<\/div>\n\t\t\t\t\t\t<\/div>\n\t\t\t\t\t<\/div>\n\t\t<\/div>\n\t\t\t\t\t\t\t\t<\/div>\n\t\t\t\t\t<\/div>\n\t\t<\/section>\n\t\t\t\t\t\t<\/div>\n\t\t\t\t\t\t<\/div>\n\t\t\t\t\t<\/div>\n\t\t","protected":false},"excerpt":{"rendered":"<p>Hakk\u0131m\u0131zda Uluslararas\u0131 Ta\u015f\u0131mac\u0131l\u0131k Anasayfa Hakk\u0131m\u0131zda KAL\u0130TE POL\u0130T\u0130KASI\u0130RMAKLAR LOJ\u0130ST\u0130K , m\u00fc\u015fterilerinin talep ve beklentilerini anlamay\u0131, uygun \u015fekilde kar\u015f\u0131layarak memnuniyetlerini sa\u011flamay\u0131 ve s\u00fcrekli iyile\u015ftirmeyi,T\u00fcm payda\u015flar\u0131n memnuniyet, aidiyet ve ba\u011fl\u0131l\u0131k duygusunu geli\u015ftirmeyi,Hizmet ve y\u00f6netim fonksiyonlar\u0131n\u0131 ger\u00e7ekle\u015ftirdi\u011fimiz t\u00fcm faaliyetlerimizde, mevcut kalite y\u00f6netim sistemlerimizin \u015fartlar\u0131n\u0131 yerine getirmeyi, belgelendirmeyi, dok\u00fcmante etmeyi ve s\u00fcrekli iyile\u015fmesini sa\u011flamay\u0131,Bireylerin yetenek ve yetkinliklerini geli\u015ftirmesini, \u00f6zg\u00fcn, yenilik\u00e7i [&hellip;]<\/p>\n","protected":false},"author":1,"featured_media":0,"parent":0,"menu_order":0,"comment_status":"closed","ping_status":"closed","template":"page-templates\/home-1.php","meta":{"footnotes":""},"class_list":["post-2632","page","type-page","status-publish","hentry"],"_links":{"self":[{"href":"http:\/\/www.irmaklar.com\/index.php\/wp-json\/wp\/v2\/pages\/2632","targetHints":{"allow":["GET"]}}],"collection":[{"href":"http:\/\/www.irmaklar.com\/index.php\/wp-json\/wp\/v2\/pages"}],"about":[{"href":"http:\/\/www.irmaklar.com\/index.php\/wp-json\/wp\/v2\/types\/page"}],"author":[{"embeddable":true,"href":"http:\/\/www.irmaklar.com\/index.php\/wp-json\/wp\/v2\/users\/1"}],"replies":[{"embeddable":true,"href":"http:\/\/www.irmaklar.com\/index.php\/wp-json\/wp\/v2\/comments?post=2632"}],"version-history":[{"count":7,"href":"http:\/\/www.irmaklar.com\/index.php\/wp-json\/wp\/v2\/pages\/2632\/revisions"}],"predecessor-version":[{"id":2652,"href":"http:\/\/www.irmaklar.com\/index.php\/wp-json\/wp\/v2\/pages\/2632\/revisions\/2652"}],"wp:attachment":[{"href":"http:\/\/www.irmaklar.com\/index.php\/wp-json\/wp\/v2\/media?parent=2632"}],"curies":[{"name":"wp","href":"https:\/\/api.w.org\/{rel}","templated":true}]}}