{"id":163,"date":"2019-11-14T10:03:40","date_gmt":"2019-11-14T10:03:40","guid":{"rendered":"http:\/\/shtheme.com\/demosd\/transpixwp\/?page_id=163"},"modified":"2021-12-07T15:27:31","modified_gmt":"2021-12-07T12:27:31","slug":"tasimacilik","status":"publish","type":"page","link":"http:\/\/www.irmaklar.com\/index.php\/tasimacilik\/","title":{"rendered":"Ta\u015f\u0131mac\u0131l\u0131k"},"content":{"rendered":"\t\t<div data-elementor-type=\"wp-post\" data-elementor-id=\"163\" class=\"elementor elementor-163\" data-elementor-settings=\"[]\">\n\t\t\t\t\t\t<div class=\"elementor-inner\">\n\t\t\t\t\t\t\t<div class=\"elementor-section-wrap\">\n\t\t\t\t\t\t\t<section class=\"elementor-section elementor-top-section elementor-element elementor-element-7e48a5d elementor-section-full_width elementor-section-height-default elementor-section-height-default\" data-id=\"7e48a5d\" data-element_type=\"section\">\n\t\t\t\t\t\t<div class=\"elementor-container elementor-column-gap-default\">\n\t\t\t\t\t\t\t<div class=\"elementor-row\">\n\t\t\t\t\t<div class=\"elementor-column elementor-col-100 elementor-top-column elementor-element elementor-element-042f8a5\" data-id=\"042f8a5\" data-element_type=\"column\">\n\t\t\t<div class=\"elementor-column-wrap elementor-element-populated\">\n\t\t\t\t\t\t\t<div class=\"elementor-widget-wrap\">\n\t\t\t\t\t\t<div class=\"elementor-element elementor-element-6c32082 elementor-align-left elementor-widget elementor-widget-bdevs-banner\" data-id=\"6c32082\" data-element_type=\"widget\" data-widget_type=\"bdevs-banner.default\">\n\t\t\t\t<div class=\"elementor-widget-container\">\n\t\t\t\t<div class=\"breadcrumb-area about-breadcrumb-bg\" style=\"background-image: url(http:\/\/www.irmaklar.com\/wp-content\/uploads\/2019\/12\/breadcrumb_bg-1.jpg);\">\n         <div class=\"container\">\n            <div class=\"row\">\n               <div class=\"col-lg-7\">\n                  <div class=\"breadcrumb-txt\">\n                  \t                     <span>Hizmetler<\/span>\n                                                             <h1>Ta\u015f\u0131mac\u0131l\u0131k<\/h1>\n                                                             <nav aria-label=\"breadcrumb\">\n                        <ol class=\"breadcrumb\">\n                           <li class=\"breadcrumb-item\"><a href=\"http:\/\/www.irmaklar.com\/\">Anasayfa<\/a><\/li>\n                           <li class=\"breadcrumb-item active\" aria-current=\"page\">Hizmetler<\/li>\n                        <\/ol>\n                     <\/nav>\n                                      <\/div>\n               <\/div>\n            <\/div>\n         <\/div>\n         <div class=\"breadcrumb-overlay\"><\/div>\n    <\/div>\n\t\t\t<\/div>\n\t\t\t\t<\/div>\n\t\t\t\t\t\t<\/div>\n\t\t\t\t\t<\/div>\n\t\t<\/div>\n\t\t\t\t\t\t\t\t<\/div>\n\t\t\t\t\t<\/div>\n\t\t<\/section>\n\t\t\t\t<section class=\"elementor-section elementor-top-section elementor-element elementor-element-f52adec elementor-section-boxed elementor-section-height-default elementor-section-height-default\" data-id=\"f52adec\" data-element_type=\"section\">\n\t\t\t\t\t\t<div class=\"elementor-container elementor-column-gap-default\">\n\t\t\t\t\t\t\t<div class=\"elementor-row\">\n\t\t\t\t\t<div class=\"elementor-column elementor-col-100 elementor-top-column elementor-element elementor-element-d33e0fe\" data-id=\"d33e0fe\" data-element_type=\"column\">\n\t\t\t<div class=\"elementor-column-wrap elementor-element-populated\">\n\t\t\t\t\t\t\t<div class=\"elementor-widget-wrap\">\n\t\t\t\t\t\t<div class=\"elementor-element elementor-element-5c5b3c1 elementor-widget elementor-widget-uael-posts\" data-id=\"5c5b3c1\" data-element_type=\"widget\" data-settings=\"{&quot;classic_slides_to_show&quot;:3,&quot;classic_slides_to_show_tablet&quot;:2,&quot;classic_slides_to_show_mobile&quot;:1}\" data-widget_type=\"uael-posts.classic\">\n\t\t\t\t<div class=\"elementor-widget-container\">\n\t\t\t\t\t<div class=\"uael-post__header\">\n\t\t\t\t\t<\/div>\n\t\t<div class=\"uael-post__body\">\n\t\t\t\n\t\t\n\t\t<div class=\"uael-blog-terms-position- uael-post-image-top uael-post-grid uael-posts\" data-query-type=\"custom\" data-structure=\"normal\" data-layout=\"\" data-page=\"163\" data-skin=\"classic\" data-filter-default=\"\" data-offset-top=\"30\" >\n\n\t\t\t\t\t\t\t<div class=\"uael-post-grid__inner uael-post__columns-3 uael-post__columns-tablet-2 uael-post__columns-mobile-1\">\n\t\t\t\n<div class=\"uael-post-wrapper   \">\n\t<div class=\"uael-post__bg-wrap\">\n\n\t\t\t\t\n\t\t<div class=\"uael-post__inner-wrap\">\n\n\t\t\t\t<div class=\"uael-post__thumbnail\">\n\t\t\t\n\t\t\t<a href=\"http:\/\/www.irmaklar.com\/index.php\/service\/frigofirik-tasimacilik\/\" target=\"_self\" title=\"Frigofirik Ta\u015f\u0131mac\u0131l\u0131k\"><img loading=\"lazy\" decoding=\"async\" width=\"1900\" height=\"900\" src=\"http:\/\/www.irmaklar.com\/wp-content\/uploads\/2021\/11\/2.jpg\" class=\"attachment-full size-full\" alt=\"\" \/><\/a>\n\t\t\t\t\t<\/div>\n\t\t\n\t\t\t\n\t\t\t<div class=\"uael-post__content-wrap\">\n\t\t\t\t\t<h3 class=\"uael-post__title\">\n\n\t\t\n\t\t\t\t\t\t<a href=\"http:\/\/www.irmaklar.com\/index.php\/service\/frigofirik-tasimacilik\/\" target=\"_self\">\n\t\t\t\tFrigofirik Ta\u015f\u0131mac\u0131l\u0131k\t\t\t<\/a>\n\n\t\t\t\t<\/h3>\n\t\t\t\t\t<\/div>\n\t\t\t\n\t\t<\/div>\n\t\t\n\t<\/div>\n\n<\/div>\n\n<div class=\"uael-post-wrapper   \">\n\t<div class=\"uael-post__bg-wrap\">\n\n\t\t\t\t\n\t\t<div class=\"uael-post__inner-wrap\">\n\n\t\t\t\t<div class=\"uael-post__thumbnail\">\n\t\t\t\n\t\t\t<a href=\"http:\/\/www.irmaklar.com\/index.php\/service\/konteyner-tasimaciligi\/\" target=\"_self\" title=\"Konteyner Ta\u015f\u0131mac\u0131l\u0131\u011f\u0131\"><img loading=\"lazy\" decoding=\"async\" width=\"1900\" height=\"900\" src=\"http:\/\/www.irmaklar.com\/wp-content\/uploads\/2021\/11\/konteyner-2.jpeg\" class=\"attachment-full size-full\" alt=\"\" \/><\/a>\n\t\t\t\t\t<\/div>\n\t\t\n\t\t\t\n\t\t\t<div class=\"uael-post__content-wrap\">\n\t\t\t\t\t<h3 class=\"uael-post__title\">\n\n\t\t\n\t\t\t\t\t\t<a href=\"http:\/\/www.irmaklar.com\/index.php\/service\/konteyner-tasimaciligi\/\" target=\"_self\">\n\t\t\t\tKonteyner Ta\u015f\u0131mac\u0131l\u0131\u011f\u0131\t\t\t<\/a>\n\n\t\t\t\t<\/h3>\n\t\t\t\t\t<\/div>\n\t\t\t\n\t\t<\/div>\n\t\t\n\t<\/div>\n\n<\/div>\n\n<div class=\"uael-post-wrapper   \">\n\t<div class=\"uael-post__bg-wrap\">\n\n\t\t\t\t\n\t\t<div class=\"uael-post__inner-wrap\">\n\n\t\t\t\t<div class=\"uael-post__thumbnail\">\n\t\t\t\n\t\t\t<a href=\"http:\/\/www.irmaklar.com\/index.php\/service\/karayolu-tasimaciligi\/\" target=\"_self\" title=\"Karayolu Ta\u015f\u0131mac\u0131l\u0131\u011f\u0131\"><img loading=\"lazy\" decoding=\"async\" width=\"1900\" height=\"900\" src=\"http:\/\/www.irmaklar.com\/wp-content\/uploads\/2021\/11\/karayolu-copy.jpg\" class=\"attachment-full size-full\" alt=\"\" \/><\/a>\n\t\t\t\t\t<\/div>\n\t\t\n\t\t\t\n\t\t\t<div class=\"uael-post__content-wrap\">\n\t\t\t\t\t<h3 class=\"uael-post__title\">\n\n\t\t\n\t\t\t\t\t\t<a href=\"http:\/\/www.irmaklar.com\/index.php\/service\/karayolu-tasimaciligi\/\" target=\"_self\">\n\t\t\t\tKarayolu Ta\u015f\u0131mac\u0131l\u0131\u011f\u0131\t\t\t<\/a>\n\n\t\t\t\t<\/h3>\n\t\t\t\t\t<\/div>\n\t\t\t\n\t\t<\/div>\n\t\t\n\t<\/div>\n\n<\/div>\n\n<div class=\"uael-post-wrapper   \">\n\t<div class=\"uael-post__bg-wrap\">\n\n\t\t\t\t\n\t\t<div class=\"uael-post__inner-wrap\">\n\n\t\t\t\t<div class=\"uael-post__thumbnail\">\n\t\t\t\n\t\t\t<a href=\"http:\/\/www.irmaklar.com\/index.php\/service\/denizyolu-tasimaciligi\/\" target=\"_self\" title=\"Denizyolu Ta\u015f\u0131mac\u0131l\u0131\u011f\u0131\"><img loading=\"lazy\" decoding=\"async\" width=\"1680\" height=\"300\" src=\"http:\/\/www.irmaklar.com\/wp-content\/uploads\/2021\/11\/denizyolu1.jpeg\" class=\"attachment-full size-full\" alt=\"\" \/><\/a>\n\t\t\t\t\t<\/div>\n\t\t\n\t\t\t\n\t\t\t<div class=\"uael-post__content-wrap\">\n\t\t\t\t\t<h3 class=\"uael-post__title\">\n\n\t\t\n\t\t\t\t\t\t<a href=\"http:\/\/www.irmaklar.com\/index.php\/service\/denizyolu-tasimaciligi\/\" target=\"_self\">\n\t\t\t\tDenizyolu Ta\u015f\u0131mac\u0131l\u0131\u011f\u0131\t\t\t<\/a>\n\n\t\t\t\t<\/h3>\n\t\t\t\t\t<\/div>\n\t\t\t\n\t\t<\/div>\n\t\t\n\t<\/div>\n\n<\/div>\n\n<div class=\"uael-post-wrapper   \">\n\t<div class=\"uael-post__bg-wrap\">\n\n\t\t\t\t\n\t\t<div class=\"uael-post__inner-wrap\">\n\n\t\t\t\t<div class=\"uael-post__thumbnail\">\n\t\t\t\n\t\t\t<a href=\"http:\/\/www.irmaklar.com\/index.php\/service\/havayolu-tasimaciligi\/\" target=\"_self\" title=\"Havayolu Ta\u015f\u0131mac\u0131l\u0131\u011f\u0131\"><img loading=\"lazy\" decoding=\"async\" width=\"1900\" height=\"900\" src=\"http:\/\/www.irmaklar.com\/wp-content\/uploads\/2021\/11\/airlinee.jpeg\" class=\"attachment-full size-full\" alt=\"\" \/><\/a>\n\t\t\t\t\t<\/div>\n\t\t\n\t\t\t\n\t\t\t<div class=\"uael-post__content-wrap\">\n\t\t\t\t\t<h3 class=\"uael-post__title\">\n\n\t\t\n\t\t\t\t\t\t<a href=\"http:\/\/www.irmaklar.com\/index.php\/service\/havayolu-tasimaciligi\/\" target=\"_self\">\n\t\t\t\tHavayolu Ta\u015f\u0131mac\u0131l\u0131\u011f\u0131\t\t\t<\/a>\n\n\t\t\t\t<\/h3>\n\t\t\t\t\t<\/div>\n\t\t\t\n\t\t<\/div>\n\t\t\n\t<\/div>\n\n<\/div>\n\n<div class=\"uael-post-wrapper   \">\n\t<div class=\"uael-post__bg-wrap\">\n\n\t\t\t\t\n\t\t<div class=\"uael-post__inner-wrap\">\n\n\t\t\t\t<div class=\"uael-post__thumbnail\">\n\t\t\t\n\t\t\t<a href=\"http:\/\/www.irmaklar.com\/index.php\/service\/parsiyel-tasimaciligi\/\" target=\"_self\" title=\"Parsiyel Ta\u015f\u0131mac\u0131l\u0131\u011f\u0131\"><img loading=\"lazy\" decoding=\"async\" width=\"1900\" height=\"900\" src=\"http:\/\/www.irmaklar.com\/wp-content\/uploads\/2021\/11\/parsiyel-copy.jpeg\" class=\"attachment-full size-full\" alt=\"\" \/><\/a>\n\t\t\t\t\t<\/div>\n\t\t\n\t\t\t\n\t\t\t<div class=\"uael-post__content-wrap\">\n\t\t\t\t\t<h3 class=\"uael-post__title\">\n\n\t\t\n\t\t\t\t\t\t<a href=\"http:\/\/www.irmaklar.com\/index.php\/service\/parsiyel-tasimaciligi\/\" target=\"_self\">\n\t\t\t\tParsiyel Ta\u015f\u0131mac\u0131l\u0131\u011f\u0131\t\t\t<\/a>\n\n\t\t\t\t<\/h3>\n\t\t\t\t\t<\/div>\n\t\t\t\n\t\t<\/div>\n\t\t\n\t<\/div>\n\n<\/div>\n\n<div class=\"uael-post-wrapper   \">\n\t<div class=\"uael-post__bg-wrap\">\n\n\t\t\t\t\n\t\t<div class=\"uael-post__inner-wrap\">\n\n\t\t\t\t<div class=\"uael-post__thumbnail\">\n\t\t\t\n\t\t\t<a href=\"http:\/\/www.irmaklar.com\/index.php\/service\/express-tasimacilik\/\" target=\"_self\" title=\"Express Ta\u015f\u0131mac\u0131l\u0131k\"><img loading=\"lazy\" decoding=\"async\" width=\"1900\" height=\"900\" src=\"http:\/\/www.irmaklar.com\/wp-content\/uploads\/2021\/12\/express-copy.jpeg\" class=\"attachment-full size-full\" alt=\"\" \/><\/a>\n\t\t\t\t\t<\/div>\n\t\t\n\t\t\t\n\t\t\t<div class=\"uael-post__content-wrap\">\n\t\t\t\t\t<h3 class=\"uael-post__title\">\n\n\t\t\n\t\t\t\t\t\t<a href=\"http:\/\/www.irmaklar.com\/index.php\/service\/express-tasimacilik\/\" target=\"_self\">\n\t\t\t\tExpress Ta\u015f\u0131mac\u0131l\u0131k\t\t\t<\/a>\n\n\t\t\t\t<\/h3>\n\t\t\t\t\t<\/div>\n\t\t\t\n\t\t<\/div>\n\t\t\n\t<\/div>\n\n<\/div>\n\t\t\t\t<\/div>\n\t\t\t\t\t\t\n\t\t<\/div>\n\n\t\t\t\t\t\t<\/div>\n\t\t<div class=\"uael-post__footer\">\n\t\t\t\t\t<\/div>\n\t\t\t\t<\/div>\n\t\t\t\t<\/div>\n\t\t\t\t\t\t<\/div>\n\t\t\t\t\t<\/div>\n\t\t<\/div>\n\t\t\t\t\t\t\t\t<\/div>\n\t\t\t\t\t<\/div>\n\t\t<\/section>\n\t\t\t\t\t\t<\/div>\n\t\t\t\t\t\t<\/div>\n\t\t\t\t\t<\/div>\n\t\t","protected":false},"excerpt":{"rendered":"<p>Hizmetler Ta\u015f\u0131mac\u0131l\u0131k Anasayfa Hizmetler Frigofirik Ta\u015f\u0131mac\u0131l\u0131k Konteyner Ta\u015f\u0131mac\u0131l\u0131\u011f\u0131 Karayolu Ta\u015f\u0131mac\u0131l\u0131\u011f\u0131 Denizyolu Ta\u015f\u0131mac\u0131l\u0131\u011f\u0131 Havayolu Ta\u015f\u0131mac\u0131l\u0131\u011f\u0131 Parsiyel Ta\u015f\u0131mac\u0131l\u0131\u011f\u0131<\/p>\n","protected":false},"author":1,"featured_media":0,"parent":0,"menu_order":0,"comment_status":"closed","ping_status":"closed","template":"page-templates\/home-1.php","meta":{"footnotes":""},"class_list":["post-163","page","type-page","status-publish","hentry"],"_links":{"self":[{"href":"http:\/\/www.irmaklar.com\/index.php\/wp-json\/wp\/v2\/pages\/163","targetHints":{"allow":["GET"]}}],"collection":[{"href":"http:\/\/www.irmaklar.com\/index.php\/wp-json\/wp\/v2\/pages"}],"about":[{"href":"http:\/\/www.irmaklar.com\/index.php\/wp-json\/wp\/v2\/types\/page"}],"author":[{"embeddable":true,"href":"http:\/\/www.irmaklar.com\/index.php\/wp-json\/wp\/v2\/users\/1"}],"replies":[{"embeddable":true,"href":"http:\/\/www.irmaklar.com\/index.php\/wp-json\/wp\/v2\/comments?post=163"}],"version-history":[{"count":26,"href":"http:\/\/www.irmaklar.com\/index.php\/wp-json\/wp\/v2\/pages\/163\/revisions"}],"predecessor-version":[{"id":1408,"href":"http:\/\/www.irmaklar.com\/index.php\/wp-json\/wp\/v2\/pages\/163\/revisions\/1408"}],"wp:attachment":[{"href":"http:\/\/www.irmaklar.com\/index.php\/wp-json\/wp\/v2\/media?parent=163"}],"curies":[{"name":"wp","href":"https:\/\/api.w.org\/{rel}","templated":true}]}}