{"id":136,"date":"2019-11-14T08:55:19","date_gmt":"2019-11-14T05:55:19","guid":{"rendered":"http:\/\/shtheme.com\/demosd\/transpixwp\/?page_id=136"},"modified":"2021-12-16T17:23:46","modified_gmt":"2021-12-16T14:23:46","slug":"hakkimizda","status":"publish","type":"page","link":"http:\/\/www.irmaklar.com\/index.php\/hakkimizda\/","title":{"rendered":"Hakk\u0131m\u0131zda"},"content":{"rendered":"\t\t<div data-elementor-type=\"wp-post\" data-elementor-id=\"136\" class=\"elementor elementor-136\" data-elementor-settings=\"[]\">\n\t\t\t\t\t\t<div class=\"elementor-inner\">\n\t\t\t\t\t\t\t<div class=\"elementor-section-wrap\">\n\t\t\t\t\t\t\t<section class=\"elementor-section elementor-top-section elementor-element elementor-element-a541cdb elementor-section-full_width elementor-section-height-default elementor-section-height-default\" data-id=\"a541cdb\" data-element_type=\"section\">\n\t\t\t\t\t\t<div class=\"elementor-container elementor-column-gap-default\">\n\t\t\t\t\t\t\t<div class=\"elementor-row\">\n\t\t\t\t\t<div class=\"elementor-column elementor-col-100 elementor-top-column elementor-element elementor-element-da95bfb\" data-id=\"da95bfb\" data-element_type=\"column\">\n\t\t\t<div class=\"elementor-column-wrap elementor-element-populated\">\n\t\t\t\t\t\t\t<div class=\"elementor-widget-wrap\">\n\t\t\t\t\t\t<div class=\"elementor-element elementor-element-ca12eb6 elementor-align-left elementor-widget elementor-widget-bdevs-banner\" data-id=\"ca12eb6\" data-element_type=\"widget\" data-widget_type=\"bdevs-banner.default\">\n\t\t\t\t<div class=\"elementor-widget-container\">\n\t\t\t\t<div class=\"breadcrumb-area about-breadcrumb-bg\" style=\"background-image: url();\">\n         <div class=\"container\">\n            <div class=\"row\">\n               <div class=\"col-lg-7\">\n                  <div class=\"breadcrumb-txt\">\n                  \t                     <span>Hakk\u0131m\u0131zda<\/span>\n                                                             <h1>Uluslararas\u0131 Ta\u015f\u0131mac\u0131l\u0131k<\/h1>\n                                                             <nav aria-label=\"breadcrumb\">\n                        <ol class=\"breadcrumb\">\n                           <li class=\"breadcrumb-item\"><a href=\"http:\/\/www.irmaklar.com\/\">Anasayfa<\/a><\/li>\n                           <li class=\"breadcrumb-item active\" aria-current=\"page\">Hakk\u0131m\u0131zda<\/li>\n                        <\/ol>\n                     <\/nav>\n                                      <\/div>\n               <\/div>\n            <\/div>\n         <\/div>\n         <div class=\"breadcrumb-overlay\"><\/div>\n    <\/div>\n\t\t\t<\/div>\n\t\t\t\t<\/div>\n\t\t\t\t\t\t<\/div>\n\t\t\t\t\t<\/div>\n\t\t<\/div>\n\t\t\t\t\t\t\t\t<\/div>\n\t\t\t\t\t<\/div>\n\t\t<\/section>\n\t\t\t\t<section class=\"elementor-section elementor-top-section elementor-element elementor-element-f3c1f4c elementor-section-boxed elementor-section-height-default elementor-section-height-default\" data-id=\"f3c1f4c\" data-element_type=\"section\">\n\t\t\t\t\t\t<div class=\"elementor-container elementor-column-gap-default\">\n\t\t\t\t\t\t\t<div class=\"elementor-row\">\n\t\t\t\t\t<div class=\"elementor-column elementor-col-50 elementor-top-column elementor-element elementor-element-8259006\" data-id=\"8259006\" data-element_type=\"column\">\n\t\t\t<div class=\"elementor-column-wrap elementor-element-populated\">\n\t\t\t\t\t\t\t<div class=\"elementor-widget-wrap\">\n\t\t\t\t\t\t<div class=\"elementor-element elementor-element-c80f383 elementor-widget elementor-widget-text-editor\" data-id=\"c80f383\" data-element_type=\"widget\" data-widget_type=\"text-editor.default\">\n\t\t\t\t<div class=\"elementor-widget-container\">\n\t\t\t\t\t\t\t\t<div class=\"elementor-text-editor elementor-clearfix\">\n\t\t\t\t<p>Irmak Ticaret 1994\u2032 te aile \u015firketi olarak kuruldu. Nakliye ihracat ve kuyumculuk sekt\u00f6r\u00fcnde yer alan firmam\u0131z 2003 y\u0131l\u0131na kadar ticari faaliyetlerini bu sekt\u00f6rlerde yapt\u0131 ve bu s\u00fcre\u00e7 i\u00e7ersinde \u00f6zellikle ta\u015f\u0131mac\u0131l\u0131k konusunda ciddi deneyimler kazand\u0131.<\/p><p>2003 y\u0131l\u0131nda \u0130rmaklar Uluslararas\u0131 Ta\u015f\u0131mac\u0131l\u0131k \u0130thalat ve \u0130hracat Limited \u015eirketi olarak bu sekt\u00f6re deneyimli,donan\u0131ml\u0131 sa\u011flam ad\u0131mlar ve ciddi bir yat\u0131r\u0131mla girdi. \u00d6zellikle zaman\u0131nda ve sorunsuz ta\u015f\u0131ma ilkesi ile yola \u00e7\u0131kan \u0131rmaklar Toplam 45 frigofrik ve tenteli ara\u00e7 ile d\u00fcnya yollar\u0131nda g\u00fcvenilir, h\u0131zl\u0131 ve kaliteli ta\u015f\u0131mac\u0131l\u0131k yaparak hedeflerine k\u0131sa s\u00fcrede ula\u015ft\u0131.Avrupa, Irak, T\u00fcrk Cumhuriyetleri ve Balkan \u00fclkelerine \u00fcr\u00fcnlerini satan \u00fcreticiler, ithalat ve ihracat\u00e7\u0131lar i\u00e7in tercih edilen bir ta\u015f\u0131mac\u0131l\u0131k \u015firketi oldu.<\/p><p>Z\u00fcccaciye, mobilya, elektrik malzemesi ve g\u0131da ta\u015f\u0131mac\u0131l\u0131\u011f\u0131nda sekt\u00f6r\u00fcn lider ta\u015f\u0131mac\u0131l\u0131k \u015firketlerinden biri olan \u0130rmaklar Uluslararas\u0131 Ta\u015f\u0131mac\u0131l\u0131k \u0130thalat ve \u0130hracat Limited \u015eirketi, ayn\u0131 zamanda bu \u00fcr\u00fcnlerin fiilen ihracat\u0131n\u0131 yapmakta olup T\u00fcrkiye, \u00c7in ve Irak aras\u0131ndaki ticaret zincirinin de bir halkas\u0131 olmaktad\u0131r. \u0130rmaklar, Ayr\u0131ca Zaho\u2019dan Arap b\u00f6lgelerine aktarma, nakliye ve \u00f6zel g\u00fcvenlik hizmetleri vermektedir.<\/p><p>D\u00fcnya yollar\u0131nda tecr\u00fcbeli s\u00fcr\u00fcc\u00fcleri ve g\u00fcmr\u00fck personeli ile faaliyetlerini s\u00fcrd\u00fcren \u0130rmaklar, m\u00fc\u015fteri memnuniyetini en \u00fcst d\u00fczeyde tutmak i\u00e7in ger\u00e7ekle\u015ftirdi\u011fi \u00e7al\u0131\u015fmalar\u0131 ile di\u011fer ta\u015f\u0131mac\u0131l\u0131k kurulu\u015flar\u0131na \u00f6rnek olmaktad\u0131r.<\/p><p>\u0130\u015fimizin sadece y\u00fck ta\u015f\u0131mak olmad\u0131\u011f\u0131n\u0131n bilinci ile \u00fclkemizin kalk\u0131nmas\u0131na sa\u011flad\u0131\u011f\u0131m\u0131z katk\u0131 yapt\u0131\u011f\u0131m\u0131z i\u015fi sade bir faaliyet olmaktan \u00e7\u0131kartarak, temsil etti\u011fimiz \u00fclkenin, d\u00fcnya \u00fclkeleri kar\u015f\u0131s\u0131ndaki duru\u015funu yans\u0131tmaktad\u0131r. \u0130rmaklar i\u00e7in ta\u015f\u0131mac\u0131l\u0131k yurt d\u0131\u015f\u0131nda \u00fclkemizi temsil etmektir. Bu bilin\u00e7 ile \u00e7al\u0131\u015fmalar\u0131m\u0131zda g\u00f6sterdi\u011fimiz hassasiyet bizi daha yukar\u0131lara ta\u015f\u0131maktad\u0131r.<\/p><p>\u00dcreticisinden ihracat\u00e7\u0131s\u0131na, ithalat\u00e7\u0131s\u0131ndan son kullan\u0131c\u0131s\u0131na kadar ge\u00e7en s\u00fcre\u00e7te sorunsuz lojistik hizmetleri ile size bir telefon kadar yak\u0131n\u0131z.<\/p>\t\t\t\t\t<\/div>\n\t\t\t\t\t\t<\/div>\n\t\t\t\t<\/div>\n\t\t\t\t<div class=\"elementor-element elementor-element-385b4ff elementor-widget elementor-widget-text-editor\" data-id=\"385b4ff\" data-element_type=\"widget\" data-widget_type=\"text-editor.default\">\n\t\t\t\t<div class=\"elementor-widget-container\">\n\t\t\t\t\t\t\t\t<div class=\"elementor-text-editor elementor-clearfix\">\n\t\t\t\t<h2 style=\"margin-bottom:40px\"class=\"subtitle\">Grup \u015eirketler<\/h2>\n\n\n<img loading=\"lazy\" decoding=\"async\" class=\"alignnone wp-image-1340\" src=\"http:\/\/dreamoffice.com.tr\/irmaklar\/wp-content\/uploads\/2021\/12\/irmak-logo-300x69.png\" alt=\"\" width=\"169\" height=\"39\" srcset=\"http:\/\/www.irmaklar.com\/wp-content\/uploads\/2021\/12\/irmak-logo-300x69.png 300w, http:\/\/www.irmaklar.com\/wp-content\/uploads\/2021\/12\/irmak-logo.png 500w\" sizes=\"auto, (max-width: 169px) 100vw, 169px\" \/>\u00a0 \u00a0 <img loading=\"lazy\" decoding=\"async\" class=\"inex alignnone wp-image-1354\" src=\"http:\/\/dreamoffice.com.tr\/irmaklar\/wp-content\/uploads\/2021\/12\/inex-logo.png\" alt=\"\" width=\"85\" height=\"96\" \/>.\u00a0 \u00a0<img loading=\"lazy\" decoding=\"async\" class=\"alignnone wp-image-1323\" src=\"http:\/\/dreamoffice.com.tr\/irmaklar\/wp-content\/uploads\/2021\/11\/sea-line.png\" alt=\"\" width=\"150\" height=\"52\" \/>\t\t\t\t\t<\/div>\n\t\t\t\t\t\t<\/div>\n\t\t\t\t<\/div>\n\t\t\t\t\t\t<\/div>\n\t\t\t\t\t<\/div>\n\t\t<\/div>\n\t\t\t\t<div class=\"elementor-column elementor-col-50 elementor-top-column elementor-element elementor-element-6a7c9c4\" data-id=\"6a7c9c4\" data-element_type=\"column\" data-settings=\"{&quot;background_background&quot;:&quot;classic&quot;}\">\n\t\t\t<div class=\"elementor-column-wrap\">\n\t\t\t\t\t<div class=\"elementor-background-overlay\"><\/div>\n\t\t\t\t\t\t\t<div class=\"elementor-widget-wrap\">\n\t\t\t\t\t\t\t\t<\/div>\n\t\t\t\t\t<\/div>\n\t\t<\/div>\n\t\t\t\t\t\t\t\t<\/div>\n\t\t\t\t\t<\/div>\n\t\t<\/section>\n\t\t\t\t<section class=\"elementor-section elementor-top-section elementor-element elementor-element-796ef64 viz-mis elementor-section-boxed elementor-section-height-default elementor-section-height-default\" data-id=\"796ef64\" data-element_type=\"section\">\n\t\t\t\t\t\t<div class=\"elementor-container elementor-column-gap-default\">\n\t\t\t\t\t\t\t<div class=\"elementor-row\">\n\t\t\t\t\t<div class=\"elementor-column elementor-col-100 elementor-top-column elementor-element elementor-element-d781453\" data-id=\"d781453\" data-element_type=\"column\">\n\t\t\t<div class=\"elementor-column-wrap elementor-element-populated\">\n\t\t\t\t\t\t\t<div class=\"elementor-widget-wrap\">\n\t\t\t\t\t\t<div class=\"elementor-element elementor-element-18e75e6 elementor-align-left elementor-widget elementor-widget-bdevs-faq\" data-id=\"18e75e6\" data-element_type=\"widget\" data-widget_type=\"bdevs-faq.default\">\n\t\t\t\t<div class=\"elementor-widget-container\">\n\t\t\t\t   \t\t   \t<div class=\"faq-section\">\n\t         <div class=\"container\">\n\t            <div class=\"row\">\n\t               <div class=\"col-xl-6 col-lg-7\">\n\t                  <div class=\"targets\">\n\t                  \t\t                     <div class=\"box wow fadeInUp\" data-wow-duration=\"1.5s\" data-wow-delay=\"0s\">\n\t                        <div class=\"icon-wrapper\"><i class=\"flaticon-external-link-square-with-an-arrow-in-right-diagonal\"><\/i><\/div>\n\t                        <div class=\"box-details\">\n\t                        \t                           <h4>Misyonumuz<\/h4>\n\t                        \t                        \t                           <p>M\u00fc\u015fterilerimize \u00f6zel \u00e7\u00f6z\u00fcmler sunarak hem zamandan hem de b\u00fct\u00e7eden tasarruf etmelerini sa\u011flamak, onlar\u0131n hak ve \u00e7\u0131karlar\u0131n\u0131 her ko\u015fulda korumak, Lojistik sekt\u00f6r\u00fcndeki kalite standartlar\u0131n\u0131 kar\u015f\u0131layarak sadece g\u00fcvene dayal\u0131 i\u015f ili\u015fkileri kurmak ve ta\u015f\u0131mac\u0131l\u0131k sekt\u00f6r\u00fcn\u00fcn \u00e7\u0131tas\u0131n\u0131 y\u00fckselten lider bir marka olmakt\u0131r.\n<\/p>\n\t                        \t                        <\/div>\n\t                     <\/div>\n\t                 \t\t                     <div class=\"box wow fadeInUp\" data-wow-duration=\"1.5s\" data-wow-delay=\".2s\">\n\t                        <div class=\"icon-wrapper\"><i class=\"flaticon-check\"><\/i><\/div>\n\t                        <div class=\"box-details\">\n\t                        \t                           <h4>Vizyonumuz<\/h4>\n\t                        \t                        \t                           <p>\u00dclkemizdeki Lojistik sekt\u00f6r\u00fcn\u00fcn, d\u00fcnya standartlar\u0131ndaki teknolojik yap\u0131ya ula\u015fmas\u0131nda pay sahibi olmak, m\u00fc\u015fterilerimizin uluslararas\u0131 arenada da karl\u0131 ticaretler yapmalar\u0131na katk\u0131da bulunmak ve sundu\u011fumuz entegre lojistik \u00e7\u00f6z\u00fcmlerle sekt\u00f6r\u00fcn lider markalar\u0131ndan biri olmakt\u0131r.<\/p>\n\t                        \t                        <\/div>\n\t                     <\/div>\n\t                 \t\t                  <\/div>\n\t               <\/div>\n\t               <div class=\"offset-xl-1 col-xl-5 col-lg-5 faqs\">\n\t               \t\t                  <span class=\"title\">FAQS<\/span>\n\t                \t                \t                  <h2 class=\"subtitle\">FREQUENTLY ASKED QUESTIONS<\/h2>\n\t                \t                  <div class=\"accordion\" id=\"accordionExample\">\n\t                  \t\t                     <div class=\"card wow fadeInUp\" data-wow-duration=\"1s\" data-wow-delay=\"0s\">\n\t                        <div class=\"card-header\" id=\"headingOne\">\n\t                        \t                           <h2 class=\"mb-0\">\n\t                              <button class=\"btn btn-link collapsed btn-block text-left\" type=\"button\" data-toggle=\"collapse\" data-target=\"#collapseOne\" aria-expanded=\"false\" aria-controls=\"collapseOne\">\n\t                              Why choose this? \t                              <\/button>\n\t                           <\/h2>\n\t                        \t                        <\/div>\n\t                        <div id=\"collapseOne\" class=\"collapse\" aria-labelledby=\"headingOne\" data-parent=\"#accordionExample\">\n\t                        \t                           <div class=\"card-body\">\n\t                              They offers a host of logistic management services and supply chain . We provide innovative solutions with the best.  tempor incididunt ut labore et dolor  empor tempor incididunt innovative solutions  \n\t                           <\/div>\n\t                        \t                        <\/div>\n\t                     <\/div>\n\t                 \t\t                     <div class=\"card wow fadeInUp\" data-wow-duration=\"1s\" data-wow-delay=\".2s\">\n\t                        <div class=\"card-header\" id=\"headingTwo\">\n\t                        \t                           <h2 class=\"mb-0\">\n\t                              <button class=\"btn btn-link collapsed btn-block text-left\" type=\"button\" data-toggle=\"collapse\" data-target=\"#collapseTwo\" aria-expanded=\"false\" aria-controls=\"collapseTwo\">\n\t                              Is it costly?\t                              <\/button>\n\t                           <\/h2>\n\t                        \t                        <\/div>\n\t                        <div id=\"collapseTwo\" class=\"collapse\" aria-labelledby=\"headingTwo\" data-parent=\"#accordionExample\">\n\t                        \t                           <div class=\"card-body\">\n\t                              They offers a host of logistic management services and supply chain . We provide innovative solutions with the best.  tempor incididunt ut labore et dolor  empor tempor incididunt innovative solutions  \n\t                           <\/div>\n\t                        \t                        <\/div>\n\t                     <\/div>\n\t                 \t\t                     <div class=\"card wow fadeInUp\" data-wow-duration=\"1s\" data-wow-delay=\".4s\">\n\t                        <div class=\"card-header\" id=\"headingThree\">\n\t                        \t                           <h2 class=\"mb-0\">\n\t                              <button class=\"btn btn-link collapsed btn-block text-left\" type=\"button\" data-toggle=\"collapse\" data-target=\"#collapseThree\" aria-expanded=\"false\" aria-controls=\"collapseThree\">\n\t                              When usally product reach?\t                              <\/button>\n\t                           <\/h2>\n\t                        \t                        <\/div>\n\t                        <div id=\"collapseThree\" class=\"collapse\" aria-labelledby=\"headingThree\" data-parent=\"#accordionExample\">\n\t                        \t                           <div class=\"card-body\">\n\t                              They offers a host of logistic management services and supply chain . We provide innovative solutions with the best.  tempor incididunt ut labore et dolor  empor tempor incididunt innovative solutions  \n\t                           <\/div>\n\t                        \t                        <\/div>\n\t                     <\/div>\n\t                 \t\t                  <\/div>\n\t               <\/div>\n\t            <\/div>\n\t         <\/div>\n\t      <\/div>\n        \t\t\t<\/div>\n\t\t\t\t<\/div>\n\t\t\t\t\t\t<\/div>\n\t\t\t\t\t<\/div>\n\t\t<\/div>\n\t\t\t\t\t\t\t\t<\/div>\n\t\t\t\t\t<\/div>\n\t\t<\/section>\n\t\t\t\t\t\t<\/div>\n\t\t\t\t\t\t<\/div>\n\t\t\t\t\t<\/div>\n\t\t","protected":false},"excerpt":{"rendered":"<p>Hakk\u0131m\u0131zda Uluslararas\u0131 Ta\u015f\u0131mac\u0131l\u0131k Anasayfa Hakk\u0131m\u0131zda Irmak Ticaret 1994\u2032 te aile \u015firketi olarak kuruldu. Nakliye ihracat ve kuyumculuk sekt\u00f6r\u00fcnde yer alan firmam\u0131z 2003 y\u0131l\u0131na kadar ticari faaliyetlerini bu sekt\u00f6rlerde yapt\u0131 ve bu s\u00fcre\u00e7 i\u00e7ersinde \u00f6zellikle ta\u015f\u0131mac\u0131l\u0131k konusunda ciddi deneyimler kazand\u0131.2003 y\u0131l\u0131nda \u0130rmaklar Uluslararas\u0131 Ta\u015f\u0131mac\u0131l\u0131k \u0130thalat ve \u0130hracat Limited \u015eirketi olarak bu sekt\u00f6re deneyimli,donan\u0131ml\u0131 sa\u011flam ad\u0131mlar ve [&hellip;]<\/p>\n","protected":false},"author":1,"featured_media":0,"parent":0,"menu_order":0,"comment_status":"closed","ping_status":"closed","template":"page-templates\/home-1.php","meta":{"footnotes":""},"class_list":["post-136","page","type-page","status-publish","hentry"],"_links":{"self":[{"href":"http:\/\/www.irmaklar.com\/index.php\/wp-json\/wp\/v2\/pages\/136","targetHints":{"allow":["GET"]}}],"collection":[{"href":"http:\/\/www.irmaklar.com\/index.php\/wp-json\/wp\/v2\/pages"}],"about":[{"href":"http:\/\/www.irmaklar.com\/index.php\/wp-json\/wp\/v2\/types\/page"}],"author":[{"embeddable":true,"href":"http:\/\/www.irmaklar.com\/index.php\/wp-json\/wp\/v2\/users\/1"}],"replies":[{"embeddable":true,"href":"http:\/\/www.irmaklar.com\/index.php\/wp-json\/wp\/v2\/comments?post=136"}],"version-history":[{"count":62,"href":"http:\/\/www.irmaklar.com\/index.php\/wp-json\/wp\/v2\/pages\/136\/revisions"}],"predecessor-version":[{"id":1739,"href":"http:\/\/www.irmaklar.com\/index.php\/wp-json\/wp\/v2\/pages\/136\/revisions\/1739"}],"wp:attachment":[{"href":"http:\/\/www.irmaklar.com\/index.php\/wp-json\/wp\/v2\/media?parent=136"}],"curies":[{"name":"wp","href":"https:\/\/api.w.org\/{rel}","templated":true}]}}