{"id":1024,"date":"2021-11-21T14:48:12","date_gmt":"2021-11-21T11:48:12","guid":{"rendered":"http:\/\/dreamoffice.com.tr\/irmaklar\/?page_id=1024"},"modified":"2021-11-21T14:59:22","modified_gmt":"2021-11-21T11:59:22","slug":"kariyer","status":"publish","type":"page","link":"http:\/\/www.irmaklar.com\/index.php\/kariyer\/","title":{"rendered":"Kariyer"},"content":{"rendered":"\t\t<div data-elementor-type=\"wp-post\" data-elementor-id=\"1024\" class=\"elementor elementor-1024\" data-elementor-settings=\"[]\">\n\t\t\t\t\t\t<div class=\"elementor-inner\">\n\t\t\t\t\t\t\t<div class=\"elementor-section-wrap\">\n\t\t\t\t\t\t\t<section class=\"elementor-section elementor-top-section elementor-element elementor-element-a541cdb elementor-section-full_width elementor-section-height-default elementor-section-height-default\" data-id=\"a541cdb\" data-element_type=\"section\">\n\t\t\t\t\t\t<div class=\"elementor-container elementor-column-gap-default\">\n\t\t\t\t\t\t\t<div class=\"elementor-row\">\n\t\t\t\t\t<div class=\"elementor-column elementor-col-100 elementor-top-column elementor-element elementor-element-da95bfb\" data-id=\"da95bfb\" data-element_type=\"column\">\n\t\t\t<div class=\"elementor-column-wrap elementor-element-populated\">\n\t\t\t\t\t\t\t<div class=\"elementor-widget-wrap\">\n\t\t\t\t\t\t<div class=\"elementor-element elementor-element-ca12eb6 elementor-align-left elementor-widget elementor-widget-bdevs-banner\" data-id=\"ca12eb6\" data-element_type=\"widget\" data-widget_type=\"bdevs-banner.default\">\n\t\t\t\t<div class=\"elementor-widget-container\">\n\t\t\t\t<div class=\"breadcrumb-area about-breadcrumb-bg\" style=\"background-image: url(http:\/\/www.irmaklar.com\/wp-content\/uploads\/2019\/12\/breadcrumb-3.jpg);\">\n         <div class=\"container\">\n            <div class=\"row\">\n               <div class=\"col-lg-7\">\n                  <div class=\"breadcrumb-txt\">\n                  \t                     <span>Kariyer<\/span>\n                                                             <h1>Bizimle \u00c7al\u0131\u015fmak \u0130ster misiniz?<\/h1>\n                                                             <nav aria-label=\"breadcrumb\">\n                        <ol class=\"breadcrumb\">\n                           <li class=\"breadcrumb-item\"><a href=\"http:\/\/www.irmaklar.com\/\">Anasayfa<\/a><\/li>\n                           <li class=\"breadcrumb-item active\" aria-current=\"page\">Kariyer<\/li>\n                        <\/ol>\n                     <\/nav>\n                                      <\/div>\n               <\/div>\n            <\/div>\n         <\/div>\n         <div class=\"breadcrumb-overlay\"><\/div>\n    <\/div>\n\t\t\t<\/div>\n\t\t\t\t<\/div>\n\t\t\t\t\t\t<\/div>\n\t\t\t\t\t<\/div>\n\t\t<\/div>\n\t\t\t\t\t\t\t\t<\/div>\n\t\t\t\t\t<\/div>\n\t\t<\/section>\n\t\t\t\t<section class=\"elementor-section elementor-top-section elementor-element elementor-element-f3c1f4c elementor-section-boxed elementor-section-height-default elementor-section-height-default\" data-id=\"f3c1f4c\" data-element_type=\"section\">\n\t\t\t\t\t\t<div class=\"elementor-container elementor-column-gap-default\">\n\t\t\t\t\t\t\t<div class=\"elementor-row\">\n\t\t\t\t\t<div class=\"elementor-column elementor-col-50 elementor-top-column elementor-element elementor-element-8259006\" data-id=\"8259006\" data-element_type=\"column\">\n\t\t\t<div class=\"elementor-column-wrap elementor-element-populated\">\n\t\t\t\t\t\t\t<div class=\"elementor-widget-wrap\">\n\t\t\t\t\t\t<div class=\"elementor-element elementor-element-4ae1f91 elementor-widget elementor-widget-text-editor\" data-id=\"4ae1f91\" data-element_type=\"widget\" data-widget_type=\"text-editor.default\">\n\t\t\t\t<div class=\"elementor-widget-container\">\n\t\t\t\t\t\t\t\t<div class=\"elementor-text-editor elementor-clearfix\">\n\t\t\t\t<p>Mersin&#8217;in \u00f6nde gelen nakliyat \u015firketi \u0130RMAKLAR, s\u00fcrekli b\u00fcy\u00fcrken, yeti\u015fmi\u015f, nitelikli ki\u015filere ihtiya\u00e7 duymaktad\u0131r. Siz de \u00f6nc\u00fc ve \u00f6nder bir kadro i\u00e7inde yer almak istiyorsan\u0131z, l\u00fctfen a\u015fa\u011f\u0131daki \u00f6zge\u00e7mi\u015f formunu doldurunuz.<\/p>\t\t\t\t\t<\/div>\n\t\t\t\t\t\t<\/div>\n\t\t\t\t<\/div>\n\t\t\t\t\t\t<\/div>\n\t\t\t\t\t<\/div>\n\t\t<\/div>\n\t\t\t\t<div class=\"elementor-column elementor-col-50 elementor-top-column elementor-element elementor-element-2208892\" data-id=\"2208892\" data-element_type=\"column\">\n\t\t\t<div class=\"elementor-column-wrap elementor-element-populated\">\n\t\t\t\t\t\t\t<div class=\"elementor-widget-wrap\">\n\t\t\t\t\t\t<div class=\"elementor-element elementor-element-5e278b7 elementor-widget elementor-widget-text-editor\" data-id=\"5e278b7\" data-element_type=\"widget\" data-widget_type=\"text-editor.default\">\n\t\t\t\t<div class=\"elementor-widget-container\">\n\t\t\t\t\t\t\t\t<div class=\"elementor-text-editor elementor-clearfix\">\n\t\t\t\t<p>[contact-form-7 id=&#8221;292&#8243; title=&#8221;kariyer&#8221;]<\/p>\t\t\t\t\t<\/div>\n\t\t\t\t\t\t<\/div>\n\t\t\t\t<\/div>\n\t\t\t\t\t\t<\/div>\n\t\t\t\t\t<\/div>\n\t\t<\/div>\n\t\t\t\t\t\t\t\t<\/div>\n\t\t\t\t\t<\/div>\n\t\t<\/section>\n\t\t\t\t\t\t<\/div>\n\t\t\t\t\t\t<\/div>\n\t\t\t\t\t<\/div>\n\t\t","protected":false},"excerpt":{"rendered":"<p>Kariyer Bizimle \u00c7al\u0131\u015fmak \u0130ster misiniz? Anasayfa Kariyer Mersin&#8217;in \u00f6nde gelen nakliyat \u015firketi \u0130RMAKLAR, s\u00fcrekli b\u00fcy\u00fcrken, yeti\u015fmi\u015f, nitelikli ki\u015filere ihtiya\u00e7 duymaktad\u0131r. Siz de \u00f6nc\u00fc ve \u00f6nder bir kadro i\u00e7inde yer almak istiyorsan\u0131z, l\u00fctfen a\u015fa\u011f\u0131daki \u00f6zge\u00e7mi\u015f formunu doldurunuz.[contact-form-7 id=&#8221;292&#8243; title=&#8221;kariyer&#8221;]<\/p>\n","protected":false},"author":1,"featured_media":0,"parent":0,"menu_order":0,"comment_status":"closed","ping_status":"closed","template":"page-templates\/home-1.php","meta":{"footnotes":""},"class_list":["post-1024","page","type-page","status-publish","hentry"],"_links":{"self":[{"href":"http:\/\/www.irmaklar.com\/index.php\/wp-json\/wp\/v2\/pages\/1024","targetHints":{"allow":["GET"]}}],"collection":[{"href":"http:\/\/www.irmaklar.com\/index.php\/wp-json\/wp\/v2\/pages"}],"about":[{"href":"http:\/\/www.irmaklar.com\/index.php\/wp-json\/wp\/v2\/types\/page"}],"author":[{"embeddable":true,"href":"http:\/\/www.irmaklar.com\/index.php\/wp-json\/wp\/v2\/users\/1"}],"replies":[{"embeddable":true,"href":"http:\/\/www.irmaklar.com\/index.php\/wp-json\/wp\/v2\/comments?post=1024"}],"version-history":[{"count":11,"href":"http:\/\/www.irmaklar.com\/index.php\/wp-json\/wp\/v2\/pages\/1024\/revisions"}],"predecessor-version":[{"id":1038,"href":"http:\/\/www.irmaklar.com\/index.php\/wp-json\/wp\/v2\/pages\/1024\/revisions\/1038"}],"wp:attachment":[{"href":"http:\/\/www.irmaklar.com\/index.php\/wp-json\/wp\/v2\/media?parent=1024"}],"curies":[{"name":"wp","href":"https:\/\/api.w.org\/{rel}","templated":true}]}}